{"id":449,"date":"2015-06-23T23:51:21","date_gmt":"2015-06-23T21:51:21","guid":{"rendered":"http:\/\/bedminton.koral.sk\/?page_id=449"},"modified":"2024-08-13T12:00:45","modified_gmt":"2024-08-13T10:00:45","slug":"rebricky","status":"publish","type":"page","link":"https:\/\/bedminton.eu\/?page_id=449","title":{"rendered":"Rebr\u00ed\u010dky"},"content":{"rendered":"<hr>\n<table style=\"border-color: #969696;\" border=\"2\">\n<tbody>\n<tr>\n<td style=\"border-color: #0008ff; vertical-align: top; background-color: #d5e4ed;\" colspan=\"2\">\n<h2 style=\"text-align: center;\">&nbsp;&nbsp;<strong><span style=\"color: #0000ff;\">W O R&nbsp;L D<\/span><\/strong><\/h2>\n<\/td>\n<\/tr>\n<tr>\n<td style=\"border-color: #0008ff; width: 25%; text-align: center; vertical-align: middle; background-color: #d5e4ed;\" rowspan=\"5\">&nbsp;<a href=\"http:\/\/bedminton.eu\/wp-content\/uploads\/2015\/06\/BWF-NEW-LOGO-medium-size-e1346327343602.gif\"><img loading=\"lazy\" decoding=\"async\" class=\"alignnone  wp-image-573\" src=\"http:\/\/bedminton.eu\/wp-content\/uploads\/2015\/06\/BWF-NEW-LOGO-medium-size-e1346327343602-300x212.gif\" alt=\"BWF-NEW-LOGO-medium-size-e1346327343602\" width=\"241\" height=\"170\" srcset=\"https:\/\/bedminton.eu\/wp-content\/uploads\/2015\/06\/BWF-NEW-LOGO-medium-size-e1346327343602-300x212.gif 300w, https:\/\/bedminton.eu\/wp-content\/uploads\/2015\/06\/BWF-NEW-LOGO-medium-size-e1346327343602-768x544.gif 768w\" sizes=\"auto, (max-width: 241px) 100vw, 241px\" \/><\/a><\/td>\n<td style=\"border-color: #0008ff; width: 25%; text-align: center; vertical-align: middle; background-color: #d5e4ed;\" rowspan=\"5\">\n<h3><span style=\"color: #0000ff;\"><strong><a style=\"color: #0000ff;\" href=\"https:\/\/bwfbadminton.com\/rankings\/\" target=\"_blank\" rel=\"noopener\">BWF WORLD RANKINGS<\/a><\/strong><\/span><\/h3>\n<\/td>\n<\/tr>\n<\/tbody>\n<\/table>\n<hr>\n<p>&nbsp;<\/p>\n<table style=\"border-color: #002ccc;\" border=\"2\">\n<tbody>\n<tr>\n<td style=\"vertical-align: top; background-color: #fafafa;\" colspan=\"2\">\n<h2 style=\"text-align: center;\"><span style=\"color: #ff0000;\">&nbsp;&nbsp;<strong>S L O V E N S K \u00c1&nbsp; &nbsp;R E P U B L I K A<\/strong><\/span><\/h2>\n<\/td>\n<\/tr>\n<tr>\n<td style=\"width: 50%; text-align: center; vertical-align: middle; background-color: #fafafa;\">&nbsp;<a href=\"http:\/\/bedminton.eu\/wp-content\/uploads\/2015\/06\/statna_vlajka.jpg\"><img loading=\"lazy\" decoding=\"async\" class=\"  wp-image-470 aligncenter\" src=\"http:\/\/bedminton.eu\/wp-content\/uploads\/2015\/06\/statna_vlajka.jpg\" alt=\"statna_vlajka\" width=\"220\" height=\"180\"><\/a><\/td>\n<td style=\"width: 50%; text-align: center; vertical-align: middle; background-color: #fafafa;\">\n<h3 style=\"text-align: center;\"><span style=\"color: #0000ff;\"><strong><a style=\"color: #0000ff;\" href=\"http:\/\/rebricky.bedminton.sk\/rebricky\/\" target=\"_blank\" rel=\"noopener\">Slovensk\u00fd rebr\u00ed\u010dek<\/a>&nbsp;<\/strong><\/span><\/h3>\n<\/td>\n<\/tr>\n<\/tbody>\n<\/table>\n<hr>\n<table style=\"border-color: #e00712;\" border=\"2\">\n<tbody>\n<tr>\n<td colspan=\"2\">\n<h2 style=\"text-align: center;\"><span style=\"color: #ff0000;\">\u010c E S K \u00c1&nbsp;&nbsp;&nbsp;R E P U B L I K A<\/span><\/h2>\n<\/td>\n<\/tr>\n<tr>\n<td style=\"width: 50%; vertical-align: middle;\">&nbsp;<a href=\"http:\/\/bedminton.eu\/wp-content\/uploads\/2015\/06\/13914_14945_vlajka_CR_3000x2000.jpg\"><img loading=\"lazy\" decoding=\"async\" class=\" size-medium wp-image-578 aligncenter\" src=\"http:\/\/bedminton.eu\/wp-content\/uploads\/2015\/06\/13914_14945_vlajka_CR_3000x2000-300x200.jpg\" alt=\"13914_14945_vlajka_CR_3000x2000\" width=\"300\" height=\"200\" srcset=\"https:\/\/bedminton.eu\/wp-content\/uploads\/2015\/06\/13914_14945_vlajka_CR_3000x2000-300x200.jpg 300w, https:\/\/bedminton.eu\/wp-content\/uploads\/2015\/06\/13914_14945_vlajka_CR_3000x2000-768x512.jpg 768w, https:\/\/bedminton.eu\/wp-content\/uploads\/2015\/06\/13914_14945_vlajka_CR_3000x2000-1024x683.jpg 1024w, https:\/\/bedminton.eu\/wp-content\/uploads\/2015\/06\/13914_14945_vlajka_CR_3000x2000-1200x800.jpg 1200w\" sizes=\"auto, (max-width: 300px) 100vw, 300px\" \/><\/a><\/td>\n<td style=\"width: 50%; vertical-align: middle;\">\n<h3 style=\"text-align: center;\">&nbsp;<span style=\"color: #0000ff;\"><a style=\"color: #0000ff;\" href=\"https:\/\/www.czechbadminton.cz\/turnaje\/zebricky\" target=\"_blank\" rel=\"noopener\">\u010cesk\u00fd \u017eeb\u0159\u00ed\u010dek<\/a><\/span><\/h3>\n<\/td>\n<\/tr>\n<\/tbody>\n<\/table>\n<hr>\n<table style=\"border-color: #000000;\" border=\"1\">\n<tbody>\n<tr>\n<td style=\"width: 50%;\" colspan=\"2\">\n<h2 style=\"text-align: center;\">&nbsp;&nbsp;<span style=\"color: #0000ff;\">E N G L A N D<\/span><\/h2>\n<\/td>\n<\/tr>\n<tr>\n<td style=\"width: 50%; text-align: center; vertical-align: middle;\">&nbsp;<a href=\"http:\/\/bedminton.eu\/wp-content\/uploads\/2015\/06\/english_flag.jpg\"><img loading=\"lazy\" decoding=\"async\" class=\" size-medium wp-image-988 aligncenter\" src=\"http:\/\/bedminton.eu\/wp-content\/uploads\/2015\/06\/english_flag-300x150.jpg\" alt=\"english_flag\" width=\"300\" height=\"150\" srcset=\"https:\/\/bedminton.eu\/wp-content\/uploads\/2015\/06\/english_flag-300x150.jpg 300w, https:\/\/bedminton.eu\/wp-content\/uploads\/2015\/06\/english_flag.jpg 434w\" sizes=\"auto, (max-width: 300px) 100vw, 300px\" \/><\/a><\/td>\n<td style=\"width: 50%;\">\n<h3 style=\"text-align: center;\">&nbsp;<span style=\"color: #0000ff;\"><a style=\"color: #0000ff;\" href=\"http:\/\/be.tournamentsoftware.com\/ranking\/ranking.aspx?rid=87\" target=\"_blank\" rel=\"noopener\">Badminton England National Rankings<\/a><\/span><\/h3>\n<\/td>\n<\/tr>\n<\/tbody>\n<\/table>\n<hr>\n<p>&nbsp;<\/p>\n<table>\n<tbody>\n<tr>\n<td colspan=\"2\">\n<h2 style=\"text-align: center;\">&nbsp;&nbsp;P O L A N D<\/h2>\n<\/td>\n<\/tr>\n<tr>\n<td style=\"width: 50%;\">&nbsp;<a href=\"http:\/\/bedminton.eu\/wp-content\/uploads\/2015\/06\/polski_flag.jpg\"><img loading=\"lazy\" decoding=\"async\" class=\" size-full wp-image-1213 aligncenter\" src=\"http:\/\/bedminton.eu\/wp-content\/uploads\/2015\/06\/polski_flag.jpg\" alt=\"polski_flag\" width=\"270\" height=\"180\"><\/a><\/td>\n<td style=\"width: 50%;\">\n<h3 style=\"text-align: center;\">&nbsp;<a href=\"https:\/\/rozgrywki.pzbad.eu\/classification\/1\/SM\/7\" target=\"_blank\" rel=\"noopener\">Ranking PZBad<\/a><\/h3>\n<\/td>\n<\/tr>\n<\/tbody>\n<\/table>\n<p>&nbsp;<\/p>\n<p>&nbsp;<\/p>\n","protected":false},"excerpt":{"rendered":"<p>&nbsp;&nbsp;W O R&nbsp;L D &nbsp; BWF WORLD RANKINGS &nbsp; &nbsp;&nbsp;S L O V E N S K \u00c1&nbsp; &nbsp;R E P U B L I K A &nbsp; Slovensk\u00fd rebr\u00ed\u010dek&nbsp; \u010c E S K \u00c1&nbsp;&nbsp;&nbsp;R E P U B L I K A &nbsp; &nbsp;\u010cesk\u00fd \u017eeb\u0159\u00ed\u010dek &nbsp;&nbsp;E N G L A N D &nbsp; &nbsp;Badminton\u2026 <span class=\"read-more\"><a href=\"https:\/\/bedminton.eu\/?page_id=449\">\u010c\u00edta\u0165 viac &raquo;<\/a><\/span><\/p>\n","protected":false},"author":1,"featured_media":0,"parent":112,"menu_order":4,"comment_status":"closed","ping_status":"open","template":"page-templates\/full-width.php","meta":{"ngg_post_thumbnail":0,"footnotes":""},"class_list":["post-449","page","type-page","status-publish","hentry"],"_links":{"self":[{"href":"https:\/\/bedminton.eu\/index.php?rest_route=\/wp\/v2\/pages\/449","targetHints":{"allow":["GET"]}}],"collection":[{"href":"https:\/\/bedminton.eu\/index.php?rest_route=\/wp\/v2\/pages"}],"about":[{"href":"https:\/\/bedminton.eu\/index.php?rest_route=\/wp\/v2\/types\/page"}],"author":[{"embeddable":true,"href":"https:\/\/bedminton.eu\/index.php?rest_route=\/wp\/v2\/users\/1"}],"replies":[{"embeddable":true,"href":"https:\/\/bedminton.eu\/index.php?rest_route=%2Fwp%2Fv2%2Fcomments&post=449"}],"version-history":[{"count":3,"href":"https:\/\/bedminton.eu\/index.php?rest_route=\/wp\/v2\/pages\/449\/revisions"}],"predecessor-version":[{"id":3461,"href":"https:\/\/bedminton.eu\/index.php?rest_route=\/wp\/v2\/pages\/449\/revisions\/3461"}],"up":[{"embeddable":true,"href":"https:\/\/bedminton.eu\/index.php?rest_route=\/wp\/v2\/pages\/112"}],"wp:attachment":[{"href":"https:\/\/bedminton.eu\/index.php?rest_route=%2Fwp%2Fv2%2Fmedia&parent=449"}],"curies":[{"name":"wp","href":"https:\/\/api.w.org\/{rel}","templated":true}]}}