{"id":380,"date":"2015-06-19T12:17:15","date_gmt":"2015-06-19T10:17:15","guid":{"rendered":"http:\/\/bedminton.koral.sk\/?page_id=380"},"modified":"2015-06-19T12:17:15","modified_gmt":"2015-06-19T10:17:15","slug":"forhendovy-klir","status":"publish","type":"page","link":"https:\/\/bedminton.eu\/?page_id=380","title":{"rendered":"Forhendov\u00fd kl\u00edr"},"content":{"rendered":"<h4>\u010co je to kl\u00edr<\/h4>\n<p>Kl\u00edry smeruj\u00fa z va\u0161ej zadnej \u010dasti kurtu do zadnej \u010dasti kurtu v\u00e1\u0161ho s\u00fapera. \u00dato\u010dn\u00e9 kl\u00edry letia vo v\u00fd\u0161ke tesne mimo dosahu rakety v\u00e1\u0161ho s\u00fapera. Obrann\u00e9 kl\u00edry s\u00fa o trochu vy\u0161\u0161ie.<\/p>\n<p><img loading=\"lazy\" decoding=\"async\" class=\"alignnone size-medium wp-image-391\" src=\"http:\/\/bedminton.eu\/wp-content\/uploads\/2015\/06\/3341355_orig_forehand_clear-300x169.jpg\" alt=\"3341355_orig_forehand_clear\" width=\"300\" height=\"169\" srcset=\"https:\/\/bedminton.eu\/wp-content\/uploads\/2015\/06\/3341355_orig_forehand_clear-300x169.jpg 300w, https:\/\/bedminton.eu\/wp-content\/uploads\/2015\/06\/3341355_orig_forehand_clear.jpg 497w\" sizes=\"auto, (max-width: 300px) 100vw, 300px\" \/><\/p>\n<h4>Kedy ho pou\u017e\u00edvame<\/h4>\n<p>Kl\u00edry sa pou\u017e\u00edvaj\u00fa, ke\u010f sa nach\u00e1dzame v na\u0161ej \u00fato\u010dnej z\u00f3ne<\/p>\n<h4>Na\u010do ho pou\u017e\u00edvame<\/h4>\n<p>Kl\u00edr zatla\u010d\u00ed s\u00fapera dozadu, \u010d\u00edm sa vytvor\u00ed priestor v prednej \u010dasti kurtu. Cie\u013eom \u00fato\u010dn\u00fdch kl\u00edrov je umiestni\u0165 ko\u0161\u00edk za s\u00fapera, vytvori\u0165 tak tlak a potenci\u00e1lne slab\u0161\u00ed return. Obrann\u00fd kl\u00edr poskytuje\u00a0 hr\u00e1\u010dovi, ktor\u00fd zahr\u00e1va tento \u00fader, viac \u010dasu na op\u00e4tovn\u00e9 z\u00edskanie rovnov\u00e1hy a poz\u00edcie na kurte.<\/p>\n<p>https:\/\/www.youtube.com\/watch?v=v5sJf6Oa_r0<\/p>\n<h4>Ako ho vykona\u0165:<\/h4>\n<p style=\"text-align: left;\"><a href=\"http:\/\/bedminton.eu\/wp-content\/uploads\/2015\/06\/3341355_orig_forehand_clear_track.jpg\"><img loading=\"lazy\" decoding=\"async\" class=\"  wp-image-392 alignleft\" src=\"http:\/\/bedminton.eu\/wp-content\/uploads\/2015\/06\/3341355_orig_forehand_clear_track-300x144.jpg\" alt=\"3341355_orig_forehand_clear_track\" width=\"604\" height=\"290\" srcset=\"https:\/\/bedminton.eu\/wp-content\/uploads\/2015\/06\/3341355_orig_forehand_clear_track-300x144.jpg 300w, https:\/\/bedminton.eu\/wp-content\/uploads\/2015\/06\/3341355_orig_forehand_clear_track.jpg 520w\" sizes=\"auto, (max-width: 604px) 100vw, 604px\" \/><\/a><\/p>\n<p>&nbsp;<\/p>\n<table style=\"border-color: #000000;\">\n<tbody>\n<tr>\n<td style=\"width: 25%; text-align: center;\">\n<h4><span style=\"color: #000000;\">\u00a0Pr\u00edpravn\u00e1 f\u00e1za<\/span><\/h4>\n<\/td>\n<td style=\"width: 25%; text-align: center;\">\n<h4><span style=\"color: #000000;\">\u00a0N\u00e1prah<\/span><\/h4>\n<\/td>\n<td style=\"width: 25%; text-align: center;\">\n<h4><span style=\"color: #000000;\">\u00a0\u00dader<\/span><\/h4>\n<\/td>\n<td style=\"width: 25%; text-align: center;\">\n<h4><span style=\"color: #000000;\">\u00a0Dokon\u010denie<\/span><\/h4>\n<\/td>\n<\/tr>\n<tr>\n<td style=\"width: 25%; text-align: center;\"><span style=\"color: #000000;\">\u00a0\u00a0 <a href=\"http:\/\/bedminton.eu\/wp-content\/uploads\/2015\/06\/clear1.jpg\"><img loading=\"lazy\" decoding=\"async\" class=\"alignnone wp-image-395\" src=\"http:\/\/bedminton.eu\/wp-content\/uploads\/2015\/06\/clear1-300x300.jpg\" alt=\"clear1\" width=\"250\" height=\"250\" srcset=\"https:\/\/bedminton.eu\/wp-content\/uploads\/2015\/06\/clear1-300x300.jpg 300w, https:\/\/bedminton.eu\/wp-content\/uploads\/2015\/06\/clear1-150x150.jpg 150w, https:\/\/bedminton.eu\/wp-content\/uploads\/2015\/06\/clear1.jpg 308w\" sizes=\"auto, (max-width: 250px) 100vw, 250px\" \/><\/a><\/span><\/td>\n<td style=\"width: 25%; text-align: center;\"><span style=\"color: #000000;\">\u00a0<a href=\"http:\/\/bedminton.eu\/wp-content\/uploads\/2015\/06\/clear2.jpg\"><img loading=\"lazy\" decoding=\"async\" class=\"alignnone wp-image-396\" src=\"http:\/\/bedminton.eu\/wp-content\/uploads\/2015\/06\/clear2-300x300.jpg\" alt=\"clear2\" width=\"250\" height=\"250\" srcset=\"https:\/\/bedminton.eu\/wp-content\/uploads\/2015\/06\/clear2-300x300.jpg 300w, https:\/\/bedminton.eu\/wp-content\/uploads\/2015\/06\/clear2-150x150.jpg 150w, https:\/\/bedminton.eu\/wp-content\/uploads\/2015\/06\/clear2.jpg 308w\" sizes=\"auto, (max-width: 250px) 100vw, 250px\" \/><\/a><\/span><\/td>\n<td style=\"width: 25%; text-align: center;\"><span style=\"color: #000000;\">\u00a0<a href=\"http:\/\/bedminton.eu\/wp-content\/uploads\/2015\/06\/clear3.jpg\"><img loading=\"lazy\" decoding=\"async\" class=\"alignnone wp-image-397\" src=\"http:\/\/bedminton.eu\/wp-content\/uploads\/2015\/06\/clear3-300x300.jpg\" alt=\"clear3\" width=\"250\" height=\"250\" srcset=\"https:\/\/bedminton.eu\/wp-content\/uploads\/2015\/06\/clear3-300x300.jpg 300w, https:\/\/bedminton.eu\/wp-content\/uploads\/2015\/06\/clear3-150x150.jpg 150w, https:\/\/bedminton.eu\/wp-content\/uploads\/2015\/06\/clear3.jpg 308w\" sizes=\"auto, (max-width: 250px) 100vw, 250px\" \/><\/a><\/span><\/td>\n<td style=\"width: 25%; text-align: center;\"><span style=\"color: #000000;\"><a href=\"http:\/\/bedminton.eu\/wp-content\/uploads\/2015\/06\/clear4.jpg\"><img loading=\"lazy\" decoding=\"async\" class=\"alignnone wp-image-398\" src=\"http:\/\/bedminton.eu\/wp-content\/uploads\/2015\/06\/clear4-300x300.jpg\" alt=\"clear4\" width=\"250\" height=\"250\" srcset=\"https:\/\/bedminton.eu\/wp-content\/uploads\/2015\/06\/clear4-300x300.jpg 300w, https:\/\/bedminton.eu\/wp-content\/uploads\/2015\/06\/clear4-150x150.jpg 150w, https:\/\/bedminton.eu\/wp-content\/uploads\/2015\/06\/clear4.jpg 308w\" sizes=\"auto, (max-width: 250px) 100vw, 250px\" \/><\/a>\u00a0<\/span><\/td>\n<\/tr>\n<tr>\n<td style=\"width: 25%; text-align: left; vertical-align: top;\">\n<ul>\n<li style=\"text-align: left;\"><span style=\"color: #000000;\">Raketu uchopte forhendov\u00fdm dr\u017ean\u00edm<\/span><\/li>\n<li style=\"text-align: left;\"><span style=\"color: #000000;\">Raketa pripraven\u00e1 na \u00fader nad hlavou<\/span><\/li>\n<li style=\"text-align: left;\"><span style=\"color: #000000;\">Predn\u00e9 rameno zdvihnut\u00e9<\/span><\/li>\n<li style=\"text-align: left;\"><span style=\"color: #000000;\">Zaujmite bo\u010dn\u00e9 postavenie<\/span><\/li>\n<\/ul>\n<\/td>\n<td style=\"width: 25%; text-align: left; vertical-align: top;\">\n<ul>\n<li><span style=\"color: #000000;\">Zo zadnej nohy sa odrazte smerom nahor dopredu<\/span><\/li>\n<li><span style=\"color: #000000;\">Tla\u010dte zadn\u00fd bok dopredu\u00a0<\/span><\/li>\n<li><span style=\"color: #000000;\">Zadn\u00e9 plece spolu s ramenom sa presun\u00fa nahor a dopredu<\/span><\/li>\n<li><span style=\"color: #000000;\">Horn\u00e1 \u010das\u0165 pa\u017ee spolu s predlakt\u00edm sa vyto\u010dia von<\/span><\/li>\n<li><span style=\"color: #000000;\">Predn\u00e1 pa\u017ea sa stiahne smerom k telu, \u010d\u00edm sa reguluje rot\u00e1cia tela<\/span><\/li>\n<\/ul>\n<\/td>\n<td style=\"width: 25%; text-align: left; vertical-align: top;\">\n<ul>\n<li style=\"text-align: left;\"><span style=\"color: #000000;\">Zadn\u00e1 noha dopad\u00e1 pred predn\u00fa nohu<\/span><\/li>\n<li style=\"text-align: left;\"><span style=\"color: #000000;\">Horn\u00e1 a spodn\u00e1 \u00a0\u010das\u0165\u00a0pa\u017ee sa vyto\u010dia dovn\u00fatra<\/span><\/li>\n<li style=\"text-align: left;\"><span style=\"color: #000000;\">Natiahnite sa za ko\u0161\u00edkom a silno do\u0148 udrite v mieste nad\/mierne pred ramenom<\/span><\/li>\n<\/ul>\n<\/td>\n<td style=\"width: 25%; text-align: left; vertical-align: top;\">\n<ul>\n<li><span style=\"color: #000000;\">Hybnos\u0165 rakety sp\u00f4sob\u00ed po\u010das uvo\u013enenia ramena jeho rot\u00e1ciu smerom dovn\u00fatra<\/span><\/li>\n<li><span style=\"color: #000000;\">Zadn\u00e1 noha dopad\u00e1 pred predn\u00fa\u00a0<\/span><\/li>\n<\/ul>\n<\/td>\n<\/tr>\n<\/tbody>\n<\/table>\n<h3><span style=\"color: #003300;\">\u00a0Ako forhendov\u00fd kl\u00edr u\u010d\u00ed coach Lee<\/span><\/h3>\n<p><iframe loading=\"lazy\" title=\"Badminton: Forehand Clear\" width=\"665\" height=\"374\" src=\"https:\/\/www.youtube.com\/embed\/VlCLy96QCiA?feature=oembed\" frameborder=\"0\" allow=\"accelerometer; autoplay; clipboard-write; encrypted-media; gyroscope; picture-in-picture; web-share\" referrerpolicy=\"strict-origin-when-cross-origin\" allowfullscreen><\/iframe><\/p>\n<p>&nbsp;<\/p>\n<h3><span style=\"color: #003300;\">Zhao Jianhua and Xiao Jie<\/span><\/h3>\n<p><iframe loading=\"lazy\" title=\"Episode 14 part 1 - Forehand clear\" width=\"665\" height=\"499\" src=\"https:\/\/www.youtube.com\/embed\/pnM1v6soBKM?feature=oembed\" frameborder=\"0\" allow=\"accelerometer; autoplay; clipboard-write; encrypted-media; gyroscope; picture-in-picture; web-share\" referrerpolicy=\"strict-origin-when-cross-origin\" allowfullscreen><\/iframe><\/p>\n<p>&nbsp;<\/p>\n<h3><span style=\"color: #003300;\">Peter Rasmussen<\/span><\/h3>\n<p>https:\/\/www.youtube.com\/watch?v=B3fLdSZ2JzI<\/p>\n<p>&nbsp;<\/p>\n<h3><span style=\"color: #003300;\">All England team video<\/span><\/h3>\n<p><iframe loading=\"lazy\" title=\"Badminton Technique - Forehand Clear\" width=\"665\" height=\"499\" src=\"https:\/\/www.youtube.com\/embed\/qhe_rRJR9_Y?feature=oembed\" frameborder=\"0\" allow=\"accelerometer; autoplay; clipboard-write; encrypted-media; gyroscope; picture-in-picture; web-share\" referrerpolicy=\"strict-origin-when-cross-origin\" allowfullscreen><\/iframe><\/p>\n<p>&nbsp;<\/p>\n<h3><span style=\"color: #003300;\">Pauline Tan<\/span><\/h3>\n<p><iframe loading=\"lazy\" title=\"How to do a forehand overhead high clear in badminton\" width=\"665\" height=\"374\" src=\"https:\/\/www.youtube.com\/embed\/XEVEmTnLE5Q?feature=oembed\" frameborder=\"0\" allow=\"accelerometer; autoplay; clipboard-write; encrypted-media; gyroscope; picture-in-picture; web-share\" referrerpolicy=\"strict-origin-when-cross-origin\" allowfullscreen><\/iframe><\/p>\n<p>&nbsp;<\/p>\n","protected":false},"excerpt":{"rendered":"<p>\u010co je to kl\u00edr Kl\u00edry smeruj\u00fa z va\u0161ej zadnej \u010dasti kurtu do zadnej \u010dasti kurtu v\u00e1\u0161ho s\u00fapera. \u00dato\u010dn\u00e9 kl\u00edry letia vo v\u00fd\u0161ke tesne mimo dosahu rakety v\u00e1\u0161ho s\u00fapera. Obrann\u00e9 kl\u00edry s\u00fa o trochu vy\u0161\u0161ie. Kedy ho pou\u017e\u00edvame Kl\u00edry sa pou\u017e\u00edvaj\u00fa, ke\u010f sa nach\u00e1dzame v na\u0161ej \u00fato\u010dnej z\u00f3ne Na\u010do ho pou\u017e\u00edvame Kl\u00edr zatla\u010d\u00ed s\u00fapera dozadu, \u010d\u00edm\u2026 <span class=\"read-more\"><a href=\"https:\/\/bedminton.eu\/?page_id=380\">\u010c\u00edta\u0165 viac &raquo;<\/a><\/span><\/p>\n","protected":false},"author":1,"featured_media":0,"parent":108,"menu_order":10,"comment_status":"closed","ping_status":"open","template":"page-templates\/full-width.php","meta":{"ngg_post_thumbnail":0,"footnotes":""},"class_list":["post-380","page","type-page","status-publish","hentry"],"_links":{"self":[{"href":"https:\/\/bedminton.eu\/index.php?rest_route=\/wp\/v2\/pages\/380","targetHints":{"allow":["GET"]}}],"collection":[{"href":"https:\/\/bedminton.eu\/index.php?rest_route=\/wp\/v2\/pages"}],"about":[{"href":"https:\/\/bedminton.eu\/index.php?rest_route=\/wp\/v2\/types\/page"}],"author":[{"embeddable":true,"href":"https:\/\/bedminton.eu\/index.php?rest_route=\/wp\/v2\/users\/1"}],"replies":[{"embeddable":true,"href":"https:\/\/bedminton.eu\/index.php?rest_route=%2Fwp%2Fv2%2Fcomments&post=380"}],"version-history":[{"count":0,"href":"https:\/\/bedminton.eu\/index.php?rest_route=\/wp\/v2\/pages\/380\/revisions"}],"up":[{"embeddable":true,"href":"https:\/\/bedminton.eu\/index.php?rest_route=\/wp\/v2\/pages\/108"}],"wp:attachment":[{"href":"https:\/\/bedminton.eu\/index.php?rest_route=%2Fwp%2Fv2%2Fmedia&parent=380"}],"curies":[{"name":"wp","href":"https:\/\/api.w.org\/{rel}","templated":true}]}}