{"id":3675,"date":"2026-02-13T11:17:24","date_gmt":"2026-02-13T10:17:24","guid":{"rendered":"https:\/\/bedminton.eu\/?page_id=3675"},"modified":"2026-02-13T11:17:38","modified_gmt":"2026-02-13T10:17:38","slug":"2025-2","status":"publish","type":"page","link":"https:\/\/bedminton.eu\/?page_id=3675","title":{"rendered":"2025"},"content":{"rendered":"\n<p>Zonam \u010dlenov:<\/p>\n\n\n\n<p>Tibor Balent<\/p>\n\n\n\n<p>Diana Balentov\u00e1<\/p>\n\n\n\n<p>Slavom\u00edr Daniel<\/p>\n\n\n\n<p>Eva Lok\u0161\u00edkov\u00e1<\/p>\n","protected":false},"excerpt":{"rendered":"<p>Zonam \u010dlenov: Tibor Balent Diana Balentov\u00e1 Slavom\u00edr Daniel Eva Lok\u0161\u00edkov\u00e1<\/p>\n","protected":false},"author":1,"featured_media":0,"parent":321,"menu_order":4,"comment_status":"closed","ping_status":"closed","template":"","meta":{"ngg_post_thumbnail":0,"footnotes":""},"class_list":["post-3675","page","type-page","status-publish","hentry"],"_links":{"self":[{"href":"https:\/\/bedminton.eu\/index.php?rest_route=\/wp\/v2\/pages\/3675","targetHints":{"allow":["GET"]}}],"collection":[{"href":"https:\/\/bedminton.eu\/index.php?rest_route=\/wp\/v2\/pages"}],"about":[{"href":"https:\/\/bedminton.eu\/index.php?rest_route=\/wp\/v2\/types\/page"}],"author":[{"embeddable":true,"href":"https:\/\/bedminton.eu\/index.php?rest_route=\/wp\/v2\/users\/1"}],"replies":[{"embeddable":true,"href":"https:\/\/bedminton.eu\/index.php?rest_route=%2Fwp%2Fv2%2Fcomments&post=3675"}],"version-history":[{"count":1,"href":"https:\/\/bedminton.eu\/index.php?rest_route=\/wp\/v2\/pages\/3675\/revisions"}],"predecessor-version":[{"id":3676,"href":"https:\/\/bedminton.eu\/index.php?rest_route=\/wp\/v2\/pages\/3675\/revisions\/3676"}],"up":[{"embeddable":true,"href":"https:\/\/bedminton.eu\/index.php?rest_route=\/wp\/v2\/pages\/321"}],"wp:attachment":[{"href":"https:\/\/bedminton.eu\/index.php?rest_route=%2Fwp%2Fv2%2Fmedia&parent=3675"}],"curies":[{"name":"wp","href":"https:\/\/api.w.org\/{rel}","templated":true}]}}