{"id":3226,"date":"2024-06-20T11:18:28","date_gmt":"2024-06-20T09:18:28","guid":{"rendered":"https:\/\/bedminton.eu\/?page_id=3226"},"modified":"2024-07-02T09:58:44","modified_gmt":"2024-07-02T07:58:44","slug":"co-su-vitazne-udery","status":"publish","type":"page","link":"https:\/\/bedminton.eu\/?page_id=3226","title":{"rendered":"\u010co s\u00fa v\u00ed\u0165azn\u00e9 \u00fadery?"},"content":{"rendered":"\n<p><strong><em><mark style=\"background-color:rgba(0, 0, 0, 0)\" class=\"has-inline-color has-vivid-purple-color\">Ke\u010f ste vo v\u00fdmene z\u00edskali dostato\u010dne ve\u013ek\u00fa v\u00fdhodu, je \u010das za\u010da\u0165 h\u013eada\u0165 sp\u00f4soby, ako vyhra\u0165. To m\u00f4\u017ee znamena\u0165, \u017ee zmen\u00edte svoj v\u00fdber \u00faderu alebo \u017ee zmen\u00edte nuansy svojich \u00faderov, aby boli agres\u00edvnej\u0161ie.<\/mark><\/em><\/strong><\/p>\n\n\n\n<p class=\"has-large-font-size\"><strong>Pre\u010do to rozli\u0161ova\u0165?<\/strong><\/p>\n\n\n\n<p>Rozli\u0161ovanie medzi v\u00ed\u0165azn\u00fdmi \u00fadermi a v\u00fdstavbou \u00faderov sa m\u00f4\u017ee zda\u0165 umel\u00e9. Koniec koncov, nesna\u017e\u00edte sa v\u017edy vyhra\u0165 v\u00fdmenu?<\/p>\n\n\n\n<p>D\u00f4vodom tohto rozli\u0161ovania je, \u017ee sa mus\u00edte nau\u010di\u0165, ako vyu\u017ei\u0165 svoje v\u00fdhody: mus\u00edte pochopi\u0165, ako vyvin\u00fa\u0165 dodato\u010dn\u00fd tlak, ke\u010f v\u00e1\u0161 s\u00faper bojuje.<\/p>\n\n\n\n<p>A naopak, mus\u00edte sa nau\u010di\u0165 neis\u0165 za v\u00ed\u0165azn\u00fdm \u00faderom, pokia\u013e si to situ\u00e1cia nevy\u017eaduje. Nie ste jedin\u00fd, kto sa sna\u017e\u00ed vyhra\u0165 v\u00fdmenu! Ak budete neust\u00e1le hra\u0165 so 100% agresivitou, potom jednoducho prehr\u00e1te: d\u00e1te s\u00faperovi \u0161ancu vyhra\u0165 kv\u00f4li va\u0161ej zle odhadnutej agresivite.<\/p>\n\n\n\n<p class=\"has-medium-font-size\"><strong>Naliehavos\u0165 pou\u017eitia dodato\u010dn\u00e9ho tlaku<\/strong><\/p>\n\n\n\n<p>Nepremrhajte svoje \u0161ance! Ke\u010f je v\u00e1\u0161 s\u00faper pod tlakom, mus\u00edte h\u013eada\u0165 pr\u00edle\u017eitosti, ako vyhra\u0165 v\u00fdmenu. Ak sa v\u00e1m nepodar\u00ed vyu\u017ei\u0165 tieto pr\u00edle\u017eitosti, v\u00e1\u0161 s\u00faper nakoniec zne\u0161kodn\u00ed va\u0161u v\u00fdhodu.<\/p>\n\n\n\n<p>Ke\u010f maj\u00fa hr\u00e1\u010di v\u00fdhodu, \u010dasto robia psychologick\u00fa chybu, ke\u010f maj\u00fa pocit, \u017ee si zasl\u00fa\u017eia vyhra\u0165 rozohr\u00e1vku \u2013 ako keby v\u00ed\u0165azstvo v rozohr\u00e1vke bolo nevyhnutnou odmenou za ich predch\u00e1dzaj\u00facu dobr\u00fa hru.  Ak nevyu\u017eijete pr\u00edle\u017eitosti na v\u00ed\u0165azstvo vo v\u00fdmene, va\u0161a v\u00fdhoda sa m\u00f4\u017ee \u013eahko strati\u0165.<\/p>\n\n\n\n<p>Je d\u00f4le\u017eit\u00e9 pochopi\u0165, ak\u00e1 krehk\u00e1 je v\u00fdhoda. Na neutraliz\u00e1ciu situ\u00e1cie mus\u00ed v\u00e1\u0161 s\u00faper zahra\u0165 iba jeden dobr\u00fd vysok\u00fd kl\u00edr alebo lift (do stredu). Po tomto \u00fadere zmizli v\u0161etky va\u0161e v\u00fdhody. Tieto obrann\u00e9 strely s\u00fa ako tla\u010didlo resetovania v\u00fdmeny: v\u0161etko, \u010do sa stalo predt\u00fdm, sa st\u00e1va irelevantn\u00fdm.<\/p>\n\n\n\n<p class=\"has-medium-font-size\"><strong>Ke\u010f m\u00e1te v\u00fdhodu, m\u00f4\u017eete post\u00fapi\u0165 v\u00e4\u010d\u0161ie riziko<\/strong><\/p>\n\n\n\n<p>Ke\u010f je v\u00e1\u0161 s\u00faper mimo poz\u00edcie, m\u00f4\u017eete hra\u0165 \u00fadery, ktor\u00e9 by inak boli pr\u00edli\u0161 riskantn\u00e9. Ke\u010f\u017ee nie je v poz\u00edcii, aby tieto \u00fadery efekt\u00edvne kryl, ste ove\u013ea menej vystaven\u00ed proti\u00fatoku.<\/p>\n\n\n\n<p>Existuje vz\u0165ah medzi ve\u013ekos\u0165ou tlaku, ktor\u00fdm \u00fader p\u00f4sob\u00ed na v\u00e1\u0161ho s\u00fapera, a ve\u013ekos\u0165ou tlaku, ktor\u00fd na v\u00e1s jeho odpove\u010f m\u00f4\u017ee vyvin\u00fa\u0165. Vo v\u0161eobecnosti s\u00fa va\u0161e najsmrte\u013enej\u0161ie strely aj najrizikovej\u0161ie. Ke\u010f v\u0161ak v\u00e1\u0161 s\u00faper nie je v poz\u00edcii na proti\u00fatok, m\u00f4\u017eete riskantn\u00fd \u00fader bezpe\u010dne hra\u0165.<\/p>\n\n\n\n<p>To nevyhnutne neznamen\u00e1, \u017ee budete hra\u0165 \u00faplne in\u00fd \u00fader, ale m\u00f4\u017eete svoje \u00fadery upravi\u0165 tak, aby boli hrozivej\u0161ie.<\/p>\n","protected":false},"excerpt":{"rendered":"<p>Ke\u010f ste vo v\u00fdmene z\u00edskali dostato\u010dne ve\u013ek\u00fa v\u00fdhodu, je \u010das za\u010da\u0165 h\u013eada\u0165 sp\u00f4soby, ako vyhra\u0165. To m\u00f4\u017ee znamena\u0165, \u017ee zmen\u00edte svoj v\u00fdber \u00faderu alebo \u017ee zmen\u00edte nuansy svojich \u00faderov, aby boli agres\u00edvnej\u0161ie. Pre\u010do to rozli\u0161ova\u0165? Rozli\u0161ovanie medzi v\u00ed\u0165azn\u00fdmi \u00fadermi a v\u00fdstavbou \u00faderov sa m\u00f4\u017ee zda\u0165 umel\u00e9. Koniec koncov, nesna\u017e\u00edte sa v\u017edy vyhra\u0165 v\u00fdmenu? D\u00f4vodom tohto\u2026 <span class=\"read-more\"><a href=\"https:\/\/bedminton.eu\/?page_id=3226\">\u010c\u00edta\u0165 viac &raquo;<\/a><\/span><\/p>\n","protected":false},"author":1,"featured_media":0,"parent":3192,"menu_order":1,"comment_status":"closed","ping_status":"closed","template":"","meta":{"ngg_post_thumbnail":0,"footnotes":""},"class_list":["post-3226","page","type-page","status-publish","hentry"],"_links":{"self":[{"href":"https:\/\/bedminton.eu\/index.php?rest_route=\/wp\/v2\/pages\/3226","targetHints":{"allow":["GET"]}}],"collection":[{"href":"https:\/\/bedminton.eu\/index.php?rest_route=\/wp\/v2\/pages"}],"about":[{"href":"https:\/\/bedminton.eu\/index.php?rest_route=\/wp\/v2\/types\/page"}],"author":[{"embeddable":true,"href":"https:\/\/bedminton.eu\/index.php?rest_route=\/wp\/v2\/users\/1"}],"replies":[{"embeddable":true,"href":"https:\/\/bedminton.eu\/index.php?rest_route=%2Fwp%2Fv2%2Fcomments&post=3226"}],"version-history":[{"count":5,"href":"https:\/\/bedminton.eu\/index.php?rest_route=\/wp\/v2\/pages\/3226\/revisions"}],"predecessor-version":[{"id":3361,"href":"https:\/\/bedminton.eu\/index.php?rest_route=\/wp\/v2\/pages\/3226\/revisions\/3361"}],"up":[{"embeddable":true,"href":"https:\/\/bedminton.eu\/index.php?rest_route=\/wp\/v2\/pages\/3192"}],"wp:attachment":[{"href":"https:\/\/bedminton.eu\/index.php?rest_route=%2Fwp%2Fv2%2Fmedia&parent=3226"}],"curies":[{"name":"wp","href":"https:\/\/api.w.org\/{rel}","templated":true}]}}