{"id":3208,"date":"2024-06-20T11:06:33","date_gmt":"2024-06-20T09:06:33","guid":{"rendered":"https:\/\/bedminton.eu\/?page_id=3208"},"modified":"2024-06-27T08:34:18","modified_gmt":"2024-06-27T06:34:18","slug":"pouzitie-klirov-pre-vytvorenie-vyhody","status":"publish","type":"page","link":"https:\/\/bedminton.eu\/?page_id=3208","title":{"rendered":"Pou\u017eitie kl\u00edrov na vytvorenie v\u00fdhody"},"content":{"rendered":"\n<p><strong><mark style=\"background-color:rgba(0, 0, 0, 0)\" class=\"has-inline-color has-vivid-purple-color\">Kl\u00edr je z\u00e1kladn\u00fdm n\u00e1strojom na odsunutie s\u00fapera od jeho centr\u00e1lnej z\u00e1kladne, vytvorenie tlaku v zadnej \u010dasti ihriska a otvorenie predpolia a opa\u010dnej strany pre potenci\u00e1lne \u00fato\u010dn\u00e9 \u00fadery.<\/mark><\/strong><\/p>\n\n\n\n<p>V\u0161etky va\u0161e kl\u00edry musia preletie\u0165 dostato\u010dn\u00fa vzdialenos\u0165. Bez v\u00fdnimky by mali prist\u00e1\u0165 medzi zadn\u00fdch \u010diarami; a ned\u00e1 sa poveda\u0165, \u017ee ste zvl\u00e1dli \u00fader, pokia\u013e va\u0161e kl\u00edry nepristan\u00fa  v zadnej polovici medzi zadn\u00fdmi \u010diarami (zadnou dvojhrovou a \u0161tvorhrovou).<\/p>\n\n\n\n<p>M\u00f4\u017ee to znie\u0165 neprimerane n\u00e1ro\u010dne, ale va\u0161a hra vo dvojhre sa m\u00f4\u017ee v\u00fdrazne zlep\u0161i\u0165, ak si osvoj\u00edte dostato\u010dn\u00fa d\u013a\u017eku. Ak s\u00fa va\u0161e kl\u00edry krat\u0161ie aj pol metra, pon\u00fakne to v\u00e1\u0161mu s\u00faperovi v\u00fdrazne lep\u0161ie mo\u017enosti na \u00fatok.<\/p>\n\n\n\n<p>Po\u010das hry je u\u017eito\u010dn\u00e9 kontrolova\u0165 d\u013a\u017eku svojich kl\u00edrov poh\u013eadom na poz\u00edciu s\u00faperovej nohy. Aspo\u0148 jedna z jeho n\u00f4h by mala vst\u00fapi\u0165 medzi zadn\u00e9 \u010diary; ak obe jeho chodidl\u00e1 zostan\u00fa mimo zadn\u00fdch zadn\u00fdch \u010diar, potom je v\u00e1\u0161 kl\u00edr pravdepodobne pr\u00edli\u0161 kr\u00e1tky.<\/p>\n\n\n\n<p class=\"has-medium-font-size\"><strong>R\u00f4zne trajekt\u00f3rie<\/strong><\/p>\n\n\n\n<p class=\"has-small-font-size\"><em>(Trajekt\u00f3ria je dr\u00e1ha v priestore, ktor\u00fa ko\u0161\u00edk opisuje pri pohybe)<\/em><\/p>\n\n\n\n<p>M\u00f4\u017eete si vybra\u0165, ako vysoko umiestnite svoje kl\u00edry.<\/p>\n\n\n\n<p>Hr\u00e1\u010di to \u010dasto zanedb\u00e1vaj\u00fa, preto\u017ee sa nau\u010dili, \u017ee kl\u00edr mus\u00ed by\u0165 vysok\u00fd a hlbok\u00fd. V\u00fdsledkom je, \u017ee sa nau\u010dia \u0161tandardn\u00fa v\u00fd\u0161ku svojich svetiel a nikdy sa nerozhodn\u00fa ju meni\u0165.<\/p>\n\n\n\n<p>Kl\u00edry del\u00edme do troch \u0161irok\u00fdch kateg\u00f3ri\u00ed: \u0161tandardn\u00e9, obrann\u00e9 a \u00fato\u010dn\u00e9. Je v\u0161ak d\u00f4le\u017eit\u00e9 si uvedomi\u0165, \u017ee ide len o orienta\u010dn\u00e9 delenie; Napr\u00edklad \u00fato\u010dn\u00e9 kl\u00edry m\u00f4\u017ee by\u0165 viac alebo menej \u00fato\u010dn\u00e9 (o nie\u010do ni\u017e\u0161ie alebo o nie\u010do vy\u0161\u0161ie).<\/p>\n\n\n\n<p class=\"has-medium-font-size\"><strong>&#8222;\u0160tandardn\u00e9&#8220; kl\u00edry<\/strong><\/p>\n\n\n\n<p>V\u00fd\u0161ka kl\u00edru je balansom medzi \u00fatokom a obranou.<\/p>\n\n\n\n<p>Ak je v\u00e1\u0161 kl\u00edr pr\u00edli\u0161 plytk\u00fd, v\u00e1\u0161 s\u00faper m\u00f4\u017ee vysko\u010di\u0165 a zachyti\u0165 ho, zvy\u010dajne zahr\u00e1 rozhoduj\u00faci sme\u010d. Ak je v\u0161ak v\u00fd\u0161 kl\u00edr ve\u013emi vysok\u00fd, v\u00e1\u0161 s\u00faper m\u00e1 dostatok \u010dasu na n\u00e1vrat; nie je pod \u017eiadnym pohybov\u00fdm tlakom.<\/p>\n\n\n\n<p>\u0160tandardn\u00fd kl\u00edr zaber\u00e1 stredn\u00fa \u00farove\u0148: dostato\u010dne vysok\u00fd, aby bol bezpe\u010dn\u00fd, ale dostato\u010dne plytk\u00fd na to, aby vyvinul ur\u010dit\u00fd tlak na pohyb v\u00e1\u0161ho s\u00fapera. Pou\u017eite to ako z\u00e1kladn\u00fd stavebn\u00fd \u00fader.<\/p>\n\n\n\n<p class=\"has-medium-font-size\"><strong>Defenz\u00edvne (obrann\u00e9) kl\u00edry<\/strong><\/p>\n\n\n\n<p>Ke\u010f je va\u0161a situ\u00e1cia ve\u013emi zl\u00e1, va\u0161e kl\u00edry by sa mali hra\u0165 \u010do najvy\u0161\u0161ie (za predpokladu, \u017ee st\u00e1le dosahuj\u00fa zadn\u00e9 \u010diary).<\/p>\n\n\n\n<p>T\u00fdm, \u017ee hr\u00e1te svoje kl\u00edry ve\u013emi vysoko, d\u00e1vate si ve\u013ea \u010dasu na zotavenie a neutralizujete v\u00fdhodu svojho s\u00fapera. Tieto ve\u013emi vysok\u00e9 kl\u00edry by sa mali hra\u0165 v\u017edy do stredu, nie do rohov.<\/p>\n\n\n\n<p>Samozrejme, t\u00fdmto \u00faderom nedostanete s\u00fapera pod \u017eiadny tlak. Bu\u010fte v\u0161ak trpezliv\u00ed: zbavte sa probl\u00e9mov sk\u00f4r, ako sa za\u010dnete ob\u00e1va\u0165 tlaku v\u00e1\u0161ho s\u00fapera.<\/p>\n\n\n\n<p class=\"has-medium-font-size\"><strong>\u00dato\u010dn\u00e9 kl\u00edry<\/strong><\/p>\n\n\n\n<p>\u00dato\u010dn\u00e9 kl\u00edry letia ni\u017e\u0161ie ako \u0161tandardn\u00e9. S \u00fato\u010dn\u00fdm kl\u00edrom je va\u0161\u00edm cie\u013eom pripravi\u0165 s\u00fapera o \u010das a umiestni\u0165 ko\u0161\u00edk za neho. Umiestnite kl\u00edry dostato\u010dne vysoko, aby pre\u0161li cez jeho bezprostredn\u00fd dosah.<\/p>\n\n\n\n<p>\u00dato\u010dn\u00e9 kl\u00edry s\u00fa niekedy ove\u013ea ni\u017e\u0161ie ako \u0161tandardn\u00e9 kl\u00edry. V extr\u00e9mnych pr\u00edpadoch m\u00f4\u017eu dosiahnu\u0165 vrchol trajekt\u00f3rie len o nie\u010do vy\u0161\u0161ie, ne\u017e je \u00fapln\u00fd dosah v\u00e1\u0161ho s\u00fapera zo stoja.<\/p>\n\n\n\n<p>Nebezpe\u010denstvo \u00fato\u010dn\u00fdch kl\u00edrov je, \u017ee v\u00e1\u0161 s\u00faper m\u00f4\u017ee vysko\u010di\u0165 a zachyti\u0165 ich. Ak \u00faspe\u0161ne zasiahne, v\u00fdmena sa obr\u00e1ti proti v\u00e1m.<\/p>\n\n\n\n<p>Potrebujete dobr\u00fd odhad, aby ste si v\u0161imli, kedy zahra\u0165 \u00fato\u010dn\u00e9 kl\u00edry. H\u013eadajte situ\u00e1cie, ke\u010f je nepravdepodobn\u00e9, \u017ee ich v\u00e1\u0161 s\u00faper \u00faspe\u0161ne zasiahne.<\/p>\n\n\n\n<p>Hran\u00e9 s dobr\u00fdm odhadom, \u00fato\u010dn\u00e9 kl\u00edry s\u00fa v\u00fdborn\u00fdm v\u00fdstavbov\u00fdm \u00faderom. Ke\u010f v\u00e1\u0161 s\u00faper nest\u00edha n\u00e1vrat do z\u00e1kladnej poz\u00edcie, m\u00f4\u017eete bezpe\u010dne zn\u00ed\u017ei\u0165 v\u00fd\u0161ku svojich kl\u00edrov, preto\u017ee nie je pripraven\u00fd ich zachyti\u0165; t\u00fdm sa zvy\u0161uje tlak.<\/p>\n\n\n\n<p class=\"has-large-font-size\"><strong>Rozli\u010dn\u00e9 uhly<\/strong><\/p>\n\n\n\n<p>M\u00f4\u017eete si vybra\u0165, \u010di budete hra\u0165 svoje kl\u00edry rovno, kr\u00ed\u017eom cez kurt alebo do stredu.<\/p>\n\n\n\n<p>U\u017e viete, \u017ee hra\u0165 do stredu je u\u017eito\u010dn\u00fd obrann\u00e1 strat\u00e9gia. Ale \u010do v\u00fdber medzi rohmi?<\/p>\n\n\n\n<p class=\"has-medium-font-size\"><strong>Priame kl\u00edry<\/strong><\/p>\n\n\n\n<p>Vo v\u0161eobecnosti plat\u00ed, \u017ee v\u00e4\u010d\u0161inu \u010dasu by ste mali hra\u0165 svoje kl\u00edry priamo. Priame kl\u00edry v\u00e1s chr\u00e1nia pred r\u00f4znymi nepr\u00edjemn\u00fdmi \u00fadermi, ktor\u00e9 m\u00f4\u017ee pou\u017ei\u0165 v\u00e1\u0161 s\u00faper, ak hr\u00e1te kr\u00ed\u017eom cez ihrisko (najm\u00e4 priamy sme\u010d).<\/p>\n\n\n\n<p>Hran\u00edm priamych kl\u00edrov si udr\u017e\u00edte dobr\u00fa z\u00e1kladn\u00fa poz\u00edciu na pokrytie nasleduj\u00faceho \u00faderu s\u00fapera.<\/p>\n\n\n\n<p class=\"has-medium-font-size\"><strong>Kl\u00edry kr\u00ed\u017eom cez kurt<\/strong><\/p>\n\n\n\n<p>Kr\u00ed\u017eny kl\u00edr cez ihrisko je trochu riskantn\u00fd, preto\u017ee otv\u00e1ra va\u0161e ihrisko priamym \u00faderom z proti\u00fatokov.<\/p>\n\n\n\n<p>Ak zahr\u00e1te kr\u00ed\u017eom, v\u00e1\u0161 s\u00faper m\u00e1 \u0161ancu urobi\u0165 zni\u010duj\u00faci \u00fader (zvy\u010dajne priamy sme\u010d). Kv\u00f4li tomuto riziku by ste za norm\u00e1lnych okolnost\u00ed mali zahra\u0165 kl\u00edr z o nie\u010do v\u00e4\u010d\u0161ou v\u00fd\u0161kou ako priamy kl\u00edr.<\/p>\n\n\n\n<p>Napriek tomu m\u00f4\u017ee by\u0165 kr\u00ed\u017eny kl\u00edr na ihrisku vynikaj\u00facim \u00faderom, ak prekvap\u00ed s\u00fapera. Kr\u00ed\u017eny kl\u00edr do backhandu v\u00e1\u0161ho s\u00fapera je taktickej\u0161\u00ed ako do forehandu: hrozba jeho sme\u010du je ove\u013ea ni\u017e\u0161ia.<\/p>\n\n\n\n<p>Ak hr\u00e1te backhandom kl\u00edr, vyhnite sa uhlu kr\u00ed\u017eom cez ihrisko. Backhandov\u00fd kl\u00edr kr\u00ed\u017eom cez ihrisko je \u010dasto taktick\u00e1 chyba: dost\u00e1vate sa pod zbyto\u010dn\u00fd tlak t\u00fdm, \u017ee zahr\u00e1te extr\u00e9mne n\u00e1ro\u010dn\u00fd \u00fader.<\/p>\n\n\n\n<p>Jedinou v\u00fdnimkou je, ke\u010f si v\u0161imnete, \u017ee v\u00e1\u0161 s\u00faper nepokr\u00fdva roh: presunul sa, aby pokryl priamy drop shot. V tomto pr\u00edpade m\u00f4\u017ee prekvapiv\u00fd backhandov\u00fd kr\u00ed\u017eny \u00fader dobr\u00fd na znovu z\u00edskanie iniciat\u00edvy, aj ke\u010f nepadne a\u017e na zadn\u00fa \u010diaru. Tento kl\u00edr by mal by\u0165 zasiahnut\u00fd naplocho (\u00fato\u010dn\u00fd kl\u00edr).<\/p>\n\n\n\n<p class=\"has-medium-font-size\"><strong>Kl\u00edr do backhandu v\u00e1\u0161ho s\u00fapera<\/strong><\/p>\n\n\n\n<p>T\u00e1to taktika je jednoduch\u00e1, jasn\u00e1 a \u00fa\u010dinn\u00e1.<\/p>\n\n\n\n<p>V\u0161etci hr\u00e1\u010di maj\u00fa slab\u0161ie zadn\u00e9 backhandy ako forehandy (za predpokladu, \u017ee ich forehandov\u00e1 technika je spr\u00e1vna). Na ni\u017e\u0161\u00edch \u00farovniach hry je t\u00e1to slabos\u0165 backhandu chronick\u00e1; v\u00fdmena m\u00f4\u017ee by\u0165 rozhodnut\u00e1 jednoducho pod\u013ea toho, kto ako prv\u00fd prin\u00fati s\u00fapera hra\u0165 zadn\u00fdm backhandom.<\/p>\n\n\n\n<p>Dokonca aj na najvy\u0161\u0161ej \u00farovni hry je \u00fader do s\u00faperovho backhandu u\u017eito\u010dnou taktikou. Siln\u00ed hr\u00e1\u010di to \u010dasto zakryj\u00fa t\u00fdm, \u017ee namiesto toho bud\u00fa hra\u0165 forehandy okolo hlavy; ale aby to urobili, musia mierne otvori\u0165 svoju forehandov\u00fa stranu.<\/p>\n\n\n\n<p>Ak sa v\u00e1\u0161 s\u00faper pohybuje r\u00fdchlo, aby hral forehandy okolo hlavy, mali by ste na\u0148ho najsk\u00f4r tla\u010di\u0165 v jeho forehandov\u00fdch rohoch. To vytv\u00e1ra priestor v jeho zadnom backhandovom rohu. Potom m\u00f4\u017eete udrie\u0165 do tohto rohu s vedom\u00edm, \u017ee pre neho bude \u0165a\u017ek\u00e9 zahra\u0165 forehand okolo hlavy; \u010dasto bude n\u00faten\u00fd hra\u0165 backhand.<\/p>\n\n\n\n<p>Kl\u00edr do s\u00faperovho backhandu je tak\u00e1 efekt\u00edvna taktika, \u017ee \u010dasto kompenzuje riziko hrania kl\u00edr kr\u00ed\u017eom: m\u00f4\u017eete sa rozhodn\u00fa\u0165 hra\u0165 kr\u00ed\u017eny kl\u00edr, aby ste zatla\u010dili na s\u00faperov backkhand.<\/p>\n","protected":false},"excerpt":{"rendered":"<p>Kl\u00edr je z\u00e1kladn\u00fdm n\u00e1strojom na odsunutie s\u00fapera od jeho centr\u00e1lnej z\u00e1kladne, vytvorenie tlaku v zadnej \u010dasti ihriska a otvorenie predpolia a opa\u010dnej strany pre potenci\u00e1lne \u00fato\u010dn\u00e9 \u00fadery. V\u0161etky va\u0161e kl\u00edry musia preletie\u0165 dostato\u010dn\u00fa vzdialenos\u0165. Bez v\u00fdnimky by mali prist\u00e1\u0165 medzi zadn\u00fdch \u010diarami; a ned\u00e1 sa poveda\u0165, \u017ee ste zvl\u00e1dli \u00fader, pokia\u013e va\u0161e kl\u00edry nepristan\u00fa v\u2026 <span class=\"read-more\"><a href=\"https:\/\/bedminton.eu\/?page_id=3208\">\u010c\u00edta\u0165 viac &raquo;<\/a><\/span><\/p>\n","protected":false},"author":1,"featured_media":0,"parent":3190,"menu_order":2,"comment_status":"closed","ping_status":"closed","template":"","meta":{"ngg_post_thumbnail":0,"footnotes":""},"class_list":["post-3208","page","type-page","status-publish","hentry"],"_links":{"self":[{"href":"https:\/\/bedminton.eu\/index.php?rest_route=\/wp\/v2\/pages\/3208","targetHints":{"allow":["GET"]}}],"collection":[{"href":"https:\/\/bedminton.eu\/index.php?rest_route=\/wp\/v2\/pages"}],"about":[{"href":"https:\/\/bedminton.eu\/index.php?rest_route=\/wp\/v2\/types\/page"}],"author":[{"embeddable":true,"href":"https:\/\/bedminton.eu\/index.php?rest_route=\/wp\/v2\/users\/1"}],"replies":[{"embeddable":true,"href":"https:\/\/bedminton.eu\/index.php?rest_route=%2Fwp%2Fv2%2Fcomments&post=3208"}],"version-history":[{"count":7,"href":"https:\/\/bedminton.eu\/index.php?rest_route=\/wp\/v2\/pages\/3208\/revisions"}],"predecessor-version":[{"id":3307,"href":"https:\/\/bedminton.eu\/index.php?rest_route=\/wp\/v2\/pages\/3208\/revisions\/3307"}],"up":[{"embeddable":true,"href":"https:\/\/bedminton.eu\/index.php?rest_route=\/wp\/v2\/pages\/3190"}],"wp:attachment":[{"href":"https:\/\/bedminton.eu\/index.php?rest_route=%2Fwp%2Fv2%2Fmedia&parent=3208"}],"curies":[{"name":"wp","href":"https:\/\/api.w.org\/{rel}","templated":true}]}}