{"id":3206,"date":"2024-06-20T11:05:28","date_gmt":"2024-06-20T09:05:28","guid":{"rendered":"https:\/\/bedminton.eu\/?page_id=3206"},"modified":"2024-06-26T13:14:35","modified_gmt":"2024-06-26T11:14:35","slug":"co-znamena-priprava-uderov","status":"publish","type":"page","link":"https:\/\/bedminton.eu\/?page_id=3206","title":{"rendered":"\u010co znamen\u00e1 v\u00fdstavba \u00faderov"},"content":{"rendered":"\n<p><strong>My\u0161lienka budovania \u00faderov<\/strong><br>Proti dobr\u00e9mu obrancovi nem\u00f4\u017eete vo dvojhre hra\u0165 neust\u00e1le \u00fatok (sme\u010dova\u0165 v\u0161etko). Jednoducho prehr\u00e1te, preto\u017ee v\u00e1\u0161 s\u00faper nie je pod pohybov\u00fdm tlakom a va\u0161e sme\u010de mu umo\u017e\u0148uj\u00fa vyv\u00edja\u0165 pohybov\u00fd tlak na v\u00e1s.<\/p>\n\n\n\n<p>Sk\u00f4r ako budete m\u00f4c\u0165 za\u00fato\u010di\u0165, mus\u00edte si vo v\u00fdmene vytvori\u0165 v\u00fdhodu. Urob\u00edte to pomocou pohybov\u00e9ho tlaku.<\/p>\n\n\n\n<p class=\"has-medium-font-size\"><strong>Najprv z\u00edskajte v\u00fdhodu<\/strong><\/p>\n\n\n\n<p>Je to ako tanec: ty pohybuje\u0161 so svoj\u00edm s\u00faperom a on s tebou. Ak by obaja tane\u010dn\u00edci udr\u017eiavali dokonal\u00e9 kroky, tanec by pokra\u010doval nav\u017edy.<\/p>\n\n\n\n<p>Ale toto sa nikdy nestane. Nakoniec jeden hr\u00e1\u010d bude mierne me\u0161ka\u0165 pri n\u00e1vrate. Ak dok\u00e1\u017eete ohrozi\u0165 recovering (n\u00e1vrat) v\u00e1\u0161ho s\u00fapera na centr\u00e1lnej poz\u00edcii, z\u00edskate v\u00fdhodu. M\u00f4\u017ee sa to zda\u0165 ako mal\u00e1 v\u00fdhoda, ale m\u00f4\u017eete ju necha\u0165 r\u00e1s\u0165.<\/p>\n\n\n\n<p>Toto je prv\u00fd \u00fa\u010del budovania \u00faderov: vytvori\u0165 v\u00fdhodu.<\/p>\n\n\n\n<p>Ak v\u00e1\u0161 s\u00faper z\u00edska v\u00fdhodu ako prv\u00fd, potom by ste mali zvy\u010dajne hra\u0165 tak, aby ste jeho v\u00fdhodu zneutralizovali. Op\u00e4\u0165 si vyber\u00e1te sk\u00f4r budovanie \u00faderov ne\u017e v\u00fdhern\u00e9 \u00fadery: sna\u017e\u00edte sa zlep\u0161i\u0165 svoju situ\u00e1ciu, zo zlej na neutr\u00e1lnu. Je d\u00f4le\u017eit\u00e9, aby ste ich vn\u00edmali ako obrann\u00e9 stavebn\u00e9 \u00fadery, a nielen obrann\u00e9 \u00fadery: va\u0161\u00edm cie\u013eom je vytvori\u0165 situ\u00e1ciu, v ktorej m\u00f4\u017eete vyhra\u0165, nielen vr\u00e1ti\u0165 s\u00faperove \u00fadery.<\/p>\n\n\n\n<p>Potom, ke\u010f je situ\u00e1cia op\u00e4\u0165 neutr\u00e1lna, hr\u00e1te, aby ste z\u00edskali v\u00fdhodu.<\/p>\n\n\n\n<p class=\"has-medium-font-size\"><strong>\u010ealej zv\u00fd\u0161te svoju v\u00fdhodu<\/strong><\/p>\n\n\n\n<p>Nesna\u017ete sa vyhra\u0165, pokia\u013e nem\u00e1te dobr\u00e9 \u0161ance. Hra\u0165 napr\u00edklad sme\u010d je bezprostrednou hrozbou; ale pon\u00faka s\u00faperovi \u0161ancu zne\u0161kodni\u0165 situ\u00e1ciu vysok\u00fdm liftom  hlboko do stredu, alebo proti\u00fatokom blokmi, drive alebo plytk\u00fdmi liftami. Ak idete na v\u00ed\u0165azn\u00fd sme\u010d a neuspejete, v\u00e1\u0161 s\u00faper m\u00e1 ve\u013ek\u00fa \u0161ancu z\u00edska\u0165 v\u00fdhodu s\u00e1m.<\/p>\n\n\n\n<p>\u010casto je hrozba v\u00e4\u010d\u0161ia ako exek\u00facia \u00faderu. Miesto priameho \u00fatoku zv\u00fd\u0161te tlak na pohyb s\u00fapera. Medzit\u00fdm mus\u00ed st\u00e1le kry\u0165 hrozbu sme\u010dov.<\/p>\n\n\n\n<p>Akon\u00e1hle je recovering ( n\u00e1vrat) v\u00e1\u0161ho s\u00fapera ohrozen\u00e9, m\u00f4\u017eete hra\u0165, aby ste ho \u010falej vytl\u00e1\u010dali s optim\u00e1lnej poz\u00edcie. Pokra\u010dujte v \u00faderoch do \u0161tyroch rohov a sna\u017ete sa vybra\u0165 \u00fadery, ktor\u00e9 v\u00e1\u0161 s\u00faper \u0165a\u017eko dosiahne. M\u00e1te kontrolu nad v\u00fdmenou, preto\u017ee v\u00e1\u0161 s\u00faper nedok\u00e1zal dosiahnu\u0165 dobr\u00fa z\u00e1kladn\u00fa poz\u00edciu; udr\u017ea\u0165 t\u00fato kontrolu a n\u00fati\u0165 svojho s\u00fapera \u00eds\u0165 \u010falej a \u010falej z poz\u00edcie.<\/p>\n\n\n\n<p>Toto je druh\u00fd \u00fa\u010del v\u00fdstavby \u00faderov: zachova\u0165 a zv\u00fd\u0161i\u0165 v\u00fdhodu.<\/p>\n\n\n\n<p><strong><mark style=\"background-color:rgba(0, 0, 0, 0)\" class=\"has-inline-color has-vivid-cyan-blue-color\"><em>K\u013e\u00fa\u010dov\u00fd tip<br>Pre \u0161achov\u00e9ho majstra je jeden pe\u0161iak zvy\u010dajne v\u00ed\u0165aznou v\u00fdhodou. Pe\u0161iak m\u00e1 potenci\u00e1l sta\u0165 sa mocnou d\u00e1mou a t\u00e1to hrozba umo\u017e\u0148uje majstrovi prin\u00fati\u0165 s\u00fapera k \u010fal\u0161\u00edm \u00fastupkom. Nau\u010dte sa hra\u0165 bedminton tak, ako majstri hraj\u00fa \u0161ach: rozpoznajte svoje drobn\u00e9 v\u00fdhody a vyu\u017eite ich, aby ste prin\u00fatili s\u00fapera k v\u00e4\u010d\u0161\u00edm \u00fastupkom. Sme\u010dujte len vtedy, ke\u010f m\u00e1te dobr\u00e9 \u0161ance na v\u00fdhru.<\/em><\/mark><\/strong><\/p>\n\n\n\n<p class=\"has-medium-font-size\"><strong>Nakoniec zahrajte v\u00ed\u0165azn\u00fd \u00fader<\/strong><\/p>\n\n\n\n<p>Ke\u010f si vytvor\u00edte dostato\u010dne ve\u013ek\u00fa v\u00fdhodu, mali by ste presta\u0165 hra\u0165 v\u00fdstavbu \u00faderov a za\u010da\u0165 h\u013eada\u0165 v\u00ed\u0165azn\u00e9 \u00fadery.<\/p>\n\n\n\n<p>Nemusia to by\u0165 nevyhnutne in\u00e9 \u00fadery, ako ste hrali predt\u00fdm; \u010dasto sa d\u00e1 vyhra\u0165 pohybov\u00fdm tlakom. Ale hraj\u00fa sa s in\u00fdm \u00fa\u010delom a mus\u00edte to pochopi\u0165. Tento rozdiel v \u00fa\u010dele ovplyv\u0148uje mnoho jemn\u00fdch detailov, ako napr\u00edklad v\u00fdber trajekt\u00f3rie strely.<\/p>\n\n\n\n<p class=\"has-large-font-size\"><strong>Niekedy m\u00f4\u017eete presko\u010di\u0165 krok<\/strong><\/p>\n\n\n\n<p>Tu je op\u00edsan\u00fd najmetodickej\u0161\u00ed sp\u00f4sob, ako hra\u0165 v\u00fdmenu v single:<\/p>\n\n\n\n<p>Neutralizujte ak\u00fako\u013evek v\u00fdhodu, ktor\u00fa v\u00e1\u0161 s\u00faper z\u00edskal; pou\u017e\u00edva\u0165 obrann\u00e9 \u00fadery.<br>Z\u00edskajte v\u00fdhodu sami pomocou v\u00fdstavby \u00faderov.<br>Udr\u017eujte a zvy\u0161ujte svoju v\u00fdhodu, st\u00e1le pou\u017e\u00edvajte v\u00fdstavbov\u00e9 \u00fadery.<br>Akon\u00e1hle budete ma\u0165 dostato\u010dne ve\u013ek\u00fa v\u00fdhodu, prejdite na v\u00ed\u0165azn\u00e9 \u00fadery.<br>Je zrejm\u00e9, \u017ee tento proces m\u00f4\u017ee by\u0165 preru\u0161en\u00fd; m\u00f4\u017eete strati\u0165 kontrolu nad v\u00fdmenou a budete n\u00faten\u00ed za\u010da\u0165 odznova.<\/p>\n\n\n\n<p>Odpor\u00fa\u010dam v\u00e1m osvoji\u0165 si t\u00fato met\u00f3du ako z\u00e1kladn\u00fd pr\u00edstup k stretnutiam v single. Celkovo z\u00edskate viac bodov, ak budete hra\u0165 metodicky, ako ke\u010f budete hra\u0165 in\u0161tinkt\u00edvne a emocion\u00e1lne.<\/p>\n\n\n\n<p>Napriek tomu sa \u010dasto oplat\u00ed by\u0165 odv\u00e1\u017eny. Ke\u010f m\u00e1 s\u00faper v\u00fdhodu, m\u00f4\u017eete mu niekedy okam\u017eite zobra\u0165 dobre uv\u00e1\u017een\u00fdm proti\u00fatokom. Predpokladajme napr\u00edklad, \u017ee v\u00e1\u0161 s\u00faper pr\u00e1ve zahral dobr\u00fd \u00fatok na v\u00e1\u0161 forhend; ste n\u00faten\u00ed vzia\u0165 ko\u0161\u00edk spoza tela. Ak\u00e9 s\u00fa va\u0161e mo\u017enosti?<\/p>\n\n\n\n<p class=\"has-medium-font-size\"><strong>Defenz\u00edva<\/strong><\/p>\n\n\n\n<p>\u0160tandardnou odpove\u010fou by bolo najsk\u00f4r neutralizova\u0165 s\u00faperovu v\u00fdhodu. Napr\u00edklad:<br><br>V\u00e1\u0161 s\u00faper zahr\u00e1 \u00fato\u010dn\u00fd kl\u00edr do v\u00e1\u0161ho forhendu.<br>Hr\u00e1te v \u0165a\u017ekej  defenz\u00edve kl\u00edr do stredu.<br>V\u00fdmena pokra\u010duje z neutr\u00e1lnej situ\u00e1cie.<br>Hran\u00edm vysok\u00e9ho kl\u00edru sledujete prv\u00fd krok vy\u0161\u0161ie op\u00edsanej met\u00f3dy: neutralizova\u0165 v\u00fdhodu s\u00fapera.<\/p>\n\n\n\n<p class=\"has-medium-font-size\"><strong>Proti\u00fatok<\/strong><\/p>\n\n\n\n<p>V z\u00e1vislosti od r\u00f4znorodosti situ\u00e1cie v\u0161ak mo\u017eno budete m\u00f4c\u0165 presko\u010di\u0165 prv\u00fd krok a okam\u017eite hra\u0165 o v\u00fdhodu:<\/p>\n\n\n\n<p>V\u00e1\u0161 s\u00faper zahr\u00e1 \u00fato\u010dn\u00fd kl\u00edr do v\u00e1\u0161ho forhendu.<br>Zahr\u00e1te r\u00fdchly kr\u00ed\u017eny drop cez kurt s pou\u017eit\u00edm slice.<br>Hran\u00edm tohto \u00faderu ste sa dostali pod v\u00e4\u010d\u0161\u00ed pohybov\u00fd tlak; ale v\u00e1\u0161 s\u00faper je tie\u017e pod pohybov\u00fdm tlakom. V z\u00e1vislosti od situ\u00e1cie m\u00f4\u017eete ma\u0165 dobr\u00fa \u0161ancu z\u00edska\u0165 v\u00fdhodu.<\/p>\n\n\n\n<p>V\u00e4\u010d\u0161inu \u010dasu by bolo lep\u0161ie hra\u0165 bezpe\u010dnej\u0161ie. Majte v\u0161ak o\u010di otvoren\u00e9, aby ste na\u0161li pr\u00edle\u017eitos\u0165 presko\u010di\u0165 krok a prebra\u0165 kontrolu nad v\u00fdmenou svojmu s\u00faperovi.<\/p>\n\n\n\n<p class=\"has-medium-font-size\"><strong>Pokus o okam\u017eit\u00fd winner ( v\u00fdhru)<\/strong><\/p>\n\n\n\n<p>Niekedy bude ma\u0165 s\u00faperov \u00fatok fat\u00e1lnu chybu, ktor\u00fa m\u00f4\u017eete vyu\u017ei\u0165 okam\u017eit\u00fdm v\u00ed\u0165azn\u00fdm \u00faderom. Napr\u00edklad:<\/p>\n\n\n\n<p>V\u00e1\u0161 s\u00faper zahr\u00e1 \u00fato\u010dn\u00fd kl\u00edr do v\u00e1\u0161ho forhendu.<br>Sko\u010d\u00edte do rohu, vezmete ko\u0161\u00edk spoza v\u00e1\u0161ho tela a vyhr\u00e1te v\u00fdmenu polosme\u010dom cez ihrisko.<br>V tomto pr\u00edklade ste sa presunuli priamo k posledn\u00e9mu kroku (v\u00fdhra), pri\u010dom ste presko\u010dili kroky jeden, dva a tri!<\/p>\n\n\n\n<p>Mus\u00edm zd\u00f4razni\u0165, \u017ee ide o v\u00fdnimku, nie pravidlo. Necho\u010fte za v\u00ed\u0165azn\u00fdmi \u00fadermi bezhlavo! V\u00e4\u010d\u0161inu \u010dasu bude lep\u0161ie najprv sa br\u00e1ni\u0165.<\/p>\n\n\n\n<p>Napriek tomu by ste si mali d\u00e1va\u0165 pozor na pr\u00edle\u017eitosti vyhra\u0165 v\u00fdmenu r\u00fdchlym agres\u00edvnym \u00faderom. Ak v\u00e1\u0161 s\u00faper nechal na to priestor, pou\u017eite ho!<\/p>\n\n\n\n<p class=\"has-medium-font-size\"><strong>Vytv\u00e1ranie priestoru<\/strong><\/p>\n\n\n\n<p>\u00daderom do rohov vytv\u00e1rate priestor na s\u00faperovom ihrisku.<\/p>\n\n\n\n<p>Tento priestor m\u00f4\u017eete pou\u017ei\u0165 na vyv\u00edjanie tlaku na pohyb s\u00fapera. Napr\u00edklad: hranie  kl\u00edru alebo liftu vytv\u00e1ra priestor v prednej \u010dasti; v\u00e1\u0161 \u010fal\u0161\u00ed \u00fader m\u00f4\u017ee by\u0165 drop alebo sie\u0165ov\u00fd \u00fader.<\/p>\n\n\n\n<p>Toto je \u010fal\u0161\u00ed sp\u00f4sob, ako prem\u00fd\u0161\u013ea\u0165 o budovan\u00ed \u00faderov: v\u00e4\u010d\u0161ina v\u00fdstavbov\u00fdch \u00faderov vytv\u00e1ra priestor na s\u00faperovom ihrisku.<\/p>\n\n\n\n<p>Jedinou v\u00fdnimkou z tohto pravidla je, ke\u010f zahr\u00e1te r\u00fdchly \u00fader (sme\u010d alebo drive) priamo na s\u00fapera. M\u00f4\u017ee to by\u0165 aj stavebn\u00fd \u00fader, preto\u017ee d\u00fafate v slab\u00fa odpove\u010f, na ktor\u00fa m\u00f4\u017eete za\u00fato\u010di\u0165; ale nevytv\u00e1ra priestor.<\/p>\n\n\n\n<p class=\"has-medium-font-size\"><strong>Zost\u00e1vaj\u00faci obsah tejto \u010dasti<\/strong><\/p>\n\n\n\n<p>Na nasleduj\u00facich stran\u00e1ch podrobne presk\u00famame ka\u017ed\u00fd v\u00fdstavbov\u00fd \u00fader a pok\u00fasime sa odhali\u0165 jeho taktick\u00fa podstatu.<\/p>\n\n\n\n<p>Nieko\u013eko aspektov tejto anal\u00fdzy bude spolo\u010dn\u00fdch pre v\u0161etky \u00fadery. Napr\u00edklad, ak\u00e1ko\u013evek strela m\u00f4\u017ee by\u0165 zasiahnut\u00e1 priamo, kr\u00ed\u017eom cez ihrisko alebo do stredu. Taktick\u00e9 efekty v\u00fdberu t\u00fdchto uhlov v\u0161ak nie s\u00fa pri ka\u017edom \u00fadere rovnak\u00e9. Je dobr\u00e9 pozna\u0165 v\u0161eobecn\u00e9 z\u00e1sady\u2009\u2014\u2009ako je \u00fader do stredu pri obrane\u2009\u2014\u2009ale mus\u00edte pochopi\u0165 aj nuansy jednotliv\u00fdch \u00faderov.<\/p>\n\n\n\n<p>Nezabudnite, \u017ee v\u0161etky \u00fadery s\u00fa \u00fazko prepojen\u00e9. Ak chcete napr\u00edklad pochopi\u0165 taktick\u00fa podstatu r\u00fdchleho dropu, potom mus\u00edte pochopi\u0165 aj taktiku net shots ( sie\u0165ov\u00fdch \u00faderov).<\/p>\n\n\n\n<p>Nakoniec si uvedomte, \u017ee t\u00e1to anal\u00fdza je do zna\u010dnej miery neutr\u00e1lna vo\u010di s\u00faperovi. Ide o pokus odhali\u0165 objekt\u00edvnu taktick\u00fa \u0161trukt\u00faru\u2009-\u2009r\u00e1mec pre taktiku bedmintonu vo dvojhre. Obaja hr\u00e1\u010di v\u0161ak bud\u00fa ma\u0165 konkr\u00e9tne siln\u00e9 a slab\u00e9 str\u00e1nky; a tomu mus\u00edte prisp\u00f4sobi\u0165 svoje taktick\u00e9 hodnotenie. Ak to znamen\u00e1 odch\u00fdli\u0165 sa od r\u00e1mca, ktor\u00fd popisujem, tak \u00e1no!<\/p>\n","protected":false},"excerpt":{"rendered":"<p>My\u0161lienka budovania \u00faderovProti dobr\u00e9mu obrancovi nem\u00f4\u017eete vo dvojhre hra\u0165 neust\u00e1le \u00fatok (sme\u010dova\u0165 v\u0161etko). Jednoducho prehr\u00e1te, preto\u017ee v\u00e1\u0161 s\u00faper nie je pod pohybov\u00fdm tlakom a va\u0161e sme\u010de mu umo\u017e\u0148uj\u00fa vyv\u00edja\u0165 pohybov\u00fd tlak na v\u00e1s. Sk\u00f4r ako budete m\u00f4c\u0165 za\u00fato\u010di\u0165, mus\u00edte si vo v\u00fdmene vytvori\u0165 v\u00fdhodu. Urob\u00edte to pomocou pohybov\u00e9ho tlaku. Najprv z\u00edskajte v\u00fdhodu Je to ako\u2026 <span class=\"read-more\"><a href=\"https:\/\/bedminton.eu\/?page_id=3206\">\u010c\u00edta\u0165 viac &raquo;<\/a><\/span><\/p>\n","protected":false},"author":1,"featured_media":0,"parent":3190,"menu_order":1,"comment_status":"closed","ping_status":"closed","template":"","meta":{"ngg_post_thumbnail":0,"footnotes":""},"class_list":["post-3206","page","type-page","status-publish","hentry"],"_links":{"self":[{"href":"https:\/\/bedminton.eu\/index.php?rest_route=\/wp\/v2\/pages\/3206","targetHints":{"allow":["GET"]}}],"collection":[{"href":"https:\/\/bedminton.eu\/index.php?rest_route=\/wp\/v2\/pages"}],"about":[{"href":"https:\/\/bedminton.eu\/index.php?rest_route=\/wp\/v2\/types\/page"}],"author":[{"embeddable":true,"href":"https:\/\/bedminton.eu\/index.php?rest_route=\/wp\/v2\/users\/1"}],"replies":[{"embeddable":true,"href":"https:\/\/bedminton.eu\/index.php?rest_route=%2Fwp%2Fv2%2Fcomments&post=3206"}],"version-history":[{"count":11,"href":"https:\/\/bedminton.eu\/index.php?rest_route=\/wp\/v2\/pages\/3206\/revisions"}],"predecessor-version":[{"id":3302,"href":"https:\/\/bedminton.eu\/index.php?rest_route=\/wp\/v2\/pages\/3206\/revisions\/3302"}],"up":[{"embeddable":true,"href":"https:\/\/bedminton.eu\/index.php?rest_route=\/wp\/v2\/pages\/3190"}],"wp:attachment":[{"href":"https:\/\/bedminton.eu\/index.php?rest_route=%2Fwp%2Fv2%2Fmedia&parent=3206"}],"curies":[{"name":"wp","href":"https:\/\/api.w.org\/{rel}","templated":true}]}}