{"id":3200,"date":"2024-06-20T11:01:41","date_gmt":"2024-06-20T09:01:41","guid":{"rendered":"https:\/\/bedminton.eu\/?page_id=3200"},"modified":"2024-06-21T10:25:32","modified_gmt":"2024-06-21T08:25:32","slug":"nechajte-supera-menit-smer","status":"publish","type":"page","link":"https:\/\/bedminton.eu\/?page_id=3200","title":{"rendered":"Nechajte s\u00fapera meni\u0165 smer"},"content":{"rendered":"\n<p><strong><mark style=\"background-color:rgba(0, 0, 0, 0)\" class=\"has-inline-color has-vivid-purple-color\">N\u00fati\u0165 s\u00fapera, aby zmenil smer, vytv\u00e1ra tlak na jeho pohybov\u00e9 schopnosti ( footwork skill).<\/mark><\/strong><\/p>\n\n\n\n<p>Spome\u0148te si na predch\u00e1dzaj\u00faci scen\u00e1r, kde ste n\u00fatili s\u00fapera pohybova\u0165 sa po dlhej diagon\u00e1le, zozadu dopredu. Bolo to efekt\u00edvne, preto\u017ee ste ho prin\u00fatili prekona\u0165 najv\u00e4\u010d\u0161iu mo\u017en\u00fa vzdialenos\u0165, no z\u00e1rove\u0148 mu to umo\u017enilo \u00eds\u0165 priamou cestou bez zmeny smeru.<\/p>\n\n\n\n<p>\u010co keby ste si namiesto toho vybrali druh\u00fd predn\u00fd roh? Napr\u00edklad:<\/p>\n\n\n\n<ol class=\"wp-block-list\">\n<li>Hr\u00e1te jasne do forehandu s\u00fapera<\/li>\n\n\n\n<li>Hr\u00e1 kl\u00edr<\/li>\n\n\n\n<li>Hr\u00e1te drop shot do jeho forehandu.<\/li>\n<\/ol>\n\n\n\n<p class=\"has-medium-font-size\"><strong>Ako \u010faleko sa pres\u00fava?<\/strong><\/p>\n\n\n\n<p>Na prv\u00fd poh\u013ead sa to m\u00f4\u017ee zda\u0165 slab\u0161ie ako umiestnenie v\u00e1\u0161ho drop shotu do jeho backhandov\u00e9ho rohu. Tentoraz je vzdialenos\u0165 od rohu k rohu len 6,70 m, nie 8,47 m. Ale to za predpokladu, \u017ee protihr\u00e1\u010d sa pohybuje po priamej l\u00ednii!<\/p>\n\n\n\n<p>V skuto\u010dnosti mus\u00ed najprv prejs\u0165 centr\u00e1lnou z\u00e1kladnou poz\u00edciou, preto\u017ee mus\u00ed pokr\u00fdva\u0165 aj rohy backhandom; v opa\u010dnom pr\u00edpade okam\u017eite vyhr\u00e1te v\u00fdmenu \u00faderom do ktor\u00e9hoko\u013evek backhandov\u00e9ho rohu.<\/p>\n\n\n\n<p>Tak\u017ee naozaj, rozdiel vo vzdialenosti nie je tak\u00fd ve\u013ek\u00fd. Pohyb diagon\u00e1lne cez kurt je e\u0161te dlh\u0161\u00ed, ale nie o ve\u013ea.<\/p>\n\n\n\n<p class=\"has-medium-font-size\"><strong>\u010eal\u0161\u00ed druh pohybov\u00e9ho tlaku<\/strong><\/p>\n\n\n\n<p>T\u00fdm, \u017ee sa rozhodnete nedovoli\u0165 s\u00faperovi posun\u00fa\u0165 sa po diagon\u00e1le, vyvol\u00e1te in\u00fd druh pohybov\u00e9ho tlaku: tlak na zmenu smeru.<\/p>\n\n\n\n<p>Preto\u017ee sa v\u00e1\u0161 protivn\u00edk mus\u00ed najprv \u00eds\u0165 smerom k centr\u00e1lnej z\u00e1kladni, existuj\u00fa tri rohy, ktor\u00e9 ho n\u00fatia zmeni\u0165 smer. Rovnak\u00fd smer pohybu dok\u00e1\u017ee udr\u017ea\u0165 iba vtedy, ak sa ho rozhodnete hra\u0165 po diagon\u00e1le.<\/p>\n\n\n\n<p>Zmeny smeru vy\u017eaduj\u00fa n\u00e1ro\u010dnej\u0161\u00ed pohyb, ne\u017e len v\u00fdmeny po priamke. Je tie\u017e \u0165a\u017e\u0161ie udr\u017ea\u0165 r\u00fdchlos\u0165, ke\u010f ste n\u00faten\u00ed zmeni\u0165 smer.<\/p>\n\n\n\n<p class=\"has-medium-font-size\"><strong>\u010co je lep\u0161ie?<\/strong><\/p>\n\n\n\n<p>Obe mo\u017enosti s\u00fa dobr\u00e9 mo\u017enosti.<\/p>\n\n\n\n<p>Pohyb s\u00fapera po diagon\u00e1le je dobr\u00fd, preto\u017ee mus\u00ed prejs\u0165 o nie\u010do dlh\u0161iu vzdialenos\u0165. Zmena smeru do in\u00e9ho rohu je v\u0161ak tie\u017e dobr\u00e1, vy\u017eaduje vysok\u00e9 n\u00e1roky na jeho obratnos\u0165 a pohybov\u00e9 schopnosti.<\/p>\n\n\n\n<p>Experimentujte s oboma mo\u017enos\u0165ami, aby ste zistili, ktor\u00e1 sp\u00f4sobuje v\u00e1\u0161mu s\u00faperovi najv\u00e4\u010d\u0161ie \u0165a\u017ekosti; to sa bude l\u00ed\u0161i\u0165 v z\u00e1vislosti od schopnosti v\u00e1\u0161ho s\u00fapera:<\/p>\n\n\n\n<ul class=\"wp-block-list\">\n<li>Ak je v\u00e1\u0161 s\u00faper obratn\u00fd, ale ch\u00fdba mu  r\u00fdchlos\u0165, pou\u017eite viac dlh\u00fa uhloprie\u010dku.<\/li>\n\n\n\n<li>Ak je v\u00e1\u0161 s\u00faper r\u00fdchly, ale ch\u00fdba mu obratnos\u0165, pou\u017eite viac in\u00fd roh.<\/li>\n<\/ul>\n\n\n\n<p class=\"has-medium-font-size\"><strong>Pou\u017eitie dlh\u00fdch uhloprie\u010dok na v\u00ed\u0165azn\u00e9 \u00fadery<\/strong><\/p>\n\n\n\n<p>Ke\u010f je v\u00e1\u0161 s\u00faper pod tlakom v rohu a nedok\u00e1\u017ee sa dostato\u010dne vr\u00e1ti\u0165, \u010dasto je najlep\u0161ie hra\u0165 s n\u00edm po diagon\u00e1le.<\/p>\n\n\n\n<p>Preto\u017ee e\u0161te nedosiahol dobr\u00fa z\u00e1kladn\u00fa poz\u00edciu, bude ma\u0165 ve\u013ek\u00e9 probl\u00e9my prekona\u0165 najv\u00e4\u010d\u0161iu vzdialenos\u0165. Je to vynikaj\u00faci sp\u00f4sob, ako premeni\u0165 mal\u00fa v\u00fdhodu (neskor\u00fd n\u00e1vrat do z\u00e1kladnej poz\u00edcie s\u00fapera) na v\u00ed\u0165azn\u00fa v\u00fdhodu.<\/p>\n\n\n\n<p class=\"has-medium-font-size\"><strong>Vytv\u00e1ranie v\u00fdhody tlakom na jeho obratnos\u0165<\/strong><\/p>\n\n\n\n<p>Nepretr\u017eit\u00e9 hranie pozd\u013a\u017e uhloprie\u010dky je platnou taktikou, ale zvy\u010dajne je lep\u0161ie najprv vyvin\u00fa\u0165 agiln\u00fd (obratnos\u0165) tlak. T\u00fdm, \u017ee n\u00fatite s\u00fapera zmeni\u0165 smer, je v\u00e4\u010d\u0161ia pravdepodobnos\u0165, \u017ee odhal\u00edte slabos\u0165 jeho pohybov\u00fdch schopnost\u00ed.<\/p>\n\n\n\n<p>Ke\u010f z\u00edskate v\u00fdhodu, mali by ste zv\u00e1\u017ei\u0165 prechod na diagon\u00e1lnu hru: hranie s n\u00edm po diagon\u00e1le bude nebezpe\u010dnej\u0161ie, ke\u010f ohroz\u00edte jeho n\u00e1vrat do z\u00e1kladnej poz\u00edcie.<\/p>\n","protected":false},"excerpt":{"rendered":"<p>N\u00fati\u0165 s\u00fapera, aby zmenil smer, vytv\u00e1ra tlak na jeho pohybov\u00e9 schopnosti ( footwork skill). Spome\u0148te si na predch\u00e1dzaj\u00faci scen\u00e1r, kde ste n\u00fatili s\u00fapera pohybova\u0165 sa po dlhej diagon\u00e1le, zozadu dopredu. Bolo to efekt\u00edvne, preto\u017ee ste ho prin\u00fatili prekona\u0165 najv\u00e4\u010d\u0161iu mo\u017en\u00fa vzdialenos\u0165, no z\u00e1rove\u0148 mu to umo\u017enilo \u00eds\u0165 priamou cestou bez zmeny smeru. \u010co keby ste\u2026 <span class=\"read-more\"><a href=\"https:\/\/bedminton.eu\/?page_id=3200\">\u010c\u00edta\u0165 viac &raquo;<\/a><\/span><\/p>\n","protected":false},"author":1,"featured_media":0,"parent":3186,"menu_order":3,"comment_status":"closed","ping_status":"closed","template":"","meta":{"ngg_post_thumbnail":0,"footnotes":""},"class_list":["post-3200","page","type-page","status-publish","hentry"],"_links":{"self":[{"href":"https:\/\/bedminton.eu\/index.php?rest_route=\/wp\/v2\/pages\/3200","targetHints":{"allow":["GET"]}}],"collection":[{"href":"https:\/\/bedminton.eu\/index.php?rest_route=\/wp\/v2\/pages"}],"about":[{"href":"https:\/\/bedminton.eu\/index.php?rest_route=\/wp\/v2\/types\/page"}],"author":[{"embeddable":true,"href":"https:\/\/bedminton.eu\/index.php?rest_route=\/wp\/v2\/users\/1"}],"replies":[{"embeddable":true,"href":"https:\/\/bedminton.eu\/index.php?rest_route=%2Fwp%2Fv2%2Fcomments&post=3200"}],"version-history":[{"count":7,"href":"https:\/\/bedminton.eu\/index.php?rest_route=\/wp\/v2\/pages\/3200\/revisions"}],"predecessor-version":[{"id":3280,"href":"https:\/\/bedminton.eu\/index.php?rest_route=\/wp\/v2\/pages\/3200\/revisions\/3280"}],"up":[{"embeddable":true,"href":"https:\/\/bedminton.eu\/index.php?rest_route=\/wp\/v2\/pages\/3186"}],"wp:attachment":[{"href":"https:\/\/bedminton.eu\/index.php?rest_route=%2Fwp%2Fv2%2Fmedia&parent=3200"}],"curies":[{"name":"wp","href":"https:\/\/api.w.org\/{rel}","templated":true}]}}