{"id":3124,"date":"2024-06-06T11:37:13","date_gmt":"2024-06-06T09:37:13","guid":{"rendered":"https:\/\/bedminton.eu\/?page_id=3124"},"modified":"2024-06-06T12:57:02","modified_gmt":"2024-06-06T10:57:02","slug":"taktika-servisu-dvojhra","status":"publish","type":"page","link":"https:\/\/bedminton.eu\/?page_id=3124","title":{"rendered":"Taktika servisu &#8211; dvojhra"},"content":{"rendered":"\n<p>Taktika pod\u00e1vania vo dvojhre je \u00faplne odli\u0161n\u00e1 od taktiky pri podan\u00ed vo \u0161tvorhre. <\/p>\n\n\n\n<p>Zatia\u013e \u010do vo \u0161tvorhre je objekt\u00edvne najlep\u0161ie n\u00edzke podanie, pri dvojhre je \u0165a\u017ek\u00e9 vybra\u0165 jedno podanie, ktor\u00e9 by ste pou\u017eili ako predvolen\u00e9. <\/p>\n\n\n\n<p>Pou\u017e\u00edvajte vysok\u00e9 aj n\u00edzke podanie. Flick podanie by malo by\u0165 vyhraden\u00e9, ke\u010f zist\u00edte slabinu, alebo ke\u010f vid\u00edte, \u017ee v\u00e1\u0161 s\u00faper je pripraven\u00fd na va\u0161e n\u00edzke podania. Za norm\u00e1lnych okolnost\u00ed by ste sa mali vyhn\u00fa\u0165 drive pod\u00e1vaniu.<\/p>\n\n\n\n<p class=\"has-large-font-size\">Kde m\u00e1 v\u00e1\u0161 s\u00faper slabinu? <\/p>\n\n\n\n<p>Ako pod\u00e1vaj\u00faci hr\u00e1\u010d si m\u00f4\u017eete vybra\u0165, \u010di rozohr\u00e1vku za\u010dnete hrou v prednej alebo zadnej \u010dasti ihriska. Kde je v\u00e1\u0161 s\u00faper slab\u0161\u00ed? Kde si silnej\u0161\u00ed? Ak je va\u0161a sie\u0165ov\u00e1 hra lep\u0161ia ako s\u00faperova, sk\u00faste n\u00edzke podanie. Naopak, ak je v\u00e1\u0161 s\u00faper dobr\u00fd pri sieti, ale slab\u00fd v zadnej \u010dasti ihriska, pou\u017eite vysok\u00e9 podanie. Otestujte odpovede svojho s\u00fapera. Porovnajte v\u00fdsledok n\u00edzkych zobrazen\u00ed a vysok\u00fdch podan\u00ed.<\/p>\n\n\n\n<p class=\"has-large-font-size\">Pou\u017eitie vysok\u00e9ho podania<\/p>\n\n\n\n<p>Presk\u00famajte reakciu s\u00fapera na vysok\u00e9 podanie. Len m\u00e1lo hr\u00e1\u010dov je schopn\u00fdch zahra\u0165 siln\u00fd sme\u010d z vysok\u00e9ho podania a mnoh\u00ed maj\u00fa probl\u00e9m nadviaza\u0165 konzistentn\u00fd kontakt s kolmo padaj\u00facim ko\u0161\u00edkom. M\u00f4\u017ee sa v\u00e1m sta\u0165, \u017ee v\u00e1\u0161 s\u00faper \u010dasto pokaz\u00ed pr\u00edjem, ke\u010f hr\u00e1te vysok\u00e9 podanie; ak \u00e1no, pokra\u010dujte v jeho pou\u017e\u00edvan\u00ed!<\/p>\n\n\n\n<p>Vysok\u00e9 podanie je pravdepodobne najlep\u0161ou vo\u013ebou pre v\u00e4\u010d\u0161inu hr\u00e1\u010dov, preto\u017ee v\u00e1\u0161 s\u00faper bude pravdepodobne slab\u00fd v zadnej \u010dasti a vy m\u00e1te po podan\u00ed dostatok \u010dasu na to, aby ste sa pripravili na \u010fal\u0161\u00ed \u00fader.<\/p>\n\n\n\n<p>Vysok\u00e9 podanie m\u00f4\u017ee by\u0165 nerozumnou vo\u013ebou proti hr\u00e1\u010dovi s prudk\u00fdm sme\u010dom alebo presn\u00fdmi, klamliv\u00fdmi \u00fadermi. Na medzin\u00e1rodnej \u00farovni s\u00fa vysok\u00e9 podania najbe\u017enej\u0161\u00edm podan\u00edm v dvojhre \u017eien, ale v dvojhre mu\u017eov sa pou\u017e\u00edvaj\u00fa len zriedkavo. Vysok\u00e9 podanie sa v\u0161ak pr\u00edle\u017eitostne pou\u017e\u00edva aj v mu\u017eskej dvojhre svetovej \u00farovne.<\/p>\n\n\n\n<p>Vysok\u00e9 podanie by sa malo v\u017edy hra\u0165 smerom do stredu, nie do rohu.<\/p>\n\n\n\n<p class=\"has-large-font-size\">Pou\u017eitie n\u00edzkeho podania <\/p>\n\n\n\n<p>Toto je najbe\u017enej\u0161ie podanie vo dvojhre mu\u017eov na vysokej \u00farovni, preto\u017ee sa vyh\u00fdba hrozbe siln\u00e9ho sme\u010du. N\u00edzke podanie sa m\u00f4\u017ee hra\u0165 bu\u010f forehandom alebo backhandom; obe sa pou\u017e\u00edvaj\u00fa na najvy\u0161\u0161ej \u00farovni hry, aj ke\u010f backhandov\u00e1 verzia je be\u017enej\u0161ia. Ak si v\u0161ak vyberiete backhandov\u00fa verziu, uistite sa, \u017ee dok\u00e1\u017eete zahra\u0165 aj dobr\u00e9 podanie backkhandom! <\/p>\n\n\n\n<p>Zahrajte n\u00edzke podanie, ak chcete nasmerova\u0165 rozohr\u00e1vku smerom k za\u010datiu hry pri sieti. Nehrajte toto podanie, pokia\u013e po podan\u00ed nedok\u00e1\u017eete r\u00fdchlo reagova\u0165! Mus\u00edte by\u0165 schopn\u00ed okam\u017eite pokry\u0165 predn\u00fa aj zadn\u00fa \u010das\u0165 ihriska. N\u00edzke podanie by sa malo hra\u0165 priamo na T, alebo priamo na prij\u00edmaj\u00faceho hr\u00e1\u010da. Vyhnite sa hraniu tohto podania kr\u00ed\u017ene, preto\u017ee pon\u00fakate s\u00faperovi lep\u0161ie uhly n\u00e1vratu a budete ma\u0165 probl\u00e9m pokry\u0165 priame odpovede.<\/p>\n\n\n\n<p class=\"has-large-font-size\">Hranie n\u00edzkeho podania z klamliv\u00e9ho vysok\u00e9ho podania<\/p>\n\n\n\n<p><br>N\u00edzke podanie sa niekedy hr\u00e1 klamlivo, za\u010d\u00edna sa s n\u00e1znakom vysok\u00e9ho podania. Pokus o tento klamliv\u00fd \u00fader \u010dasto vedie k chyb\u00e1m pri n\u00edzkom podan\u00ed; dokonca aj medzin\u00e1rodn\u00ed hr\u00e1\u010di maj\u00fa tendenciu sta\u0165 sa znepokojivo nekonzistentn\u00fdmi, ke\u010f sa pok\u00fa\u0161aj\u00fa o tento klamliv\u00fd \u00fader.<\/p>\n\n\n\n<p>Probl\u00e9m je jednoduch\u00fd: dobr\u00e1 technika vysok\u00e9ho podania sa v\u00fdrazne l\u00ed\u0161i od dobrej techniky n\u00edzkeho podania! N\u00edzke podanie vy\u017eaduje kr\u00e1tky, presn\u00fd \u0161vih s ploch\u00fdm tlakom; vysok\u00e9 podanie vy\u017eaduje dlh\u00fd, neobmedzen\u00fd \u0161vih tam, kde raketa vych\u00e1dza zospodu ko\u0161\u00edka<\/p>\n\n\n\n<p>Tieto \u00fadery s\u00fa pr\u00edli\u0161 odli\u0161n\u00e9 na \u00fa\u010dinn\u00fd kompromis. V d\u00f4sledku toho pokus o tento klamliv\u00fd \u00fader oslab\u00ed aspo\u0148 jedno z va\u0161ich podan\u00ed: bu\u010f sa n\u00edzke podanie stane nekonzistentn\u00fdm, alebo va\u0161e vysok\u00e9 podanie bude pr\u00edli\u0161 ploch\u00e9 (preto\u017ee ste sa pok\u00fasili, aby pr\u00edprava vysok\u00e9ho podania vyzerala sk\u00f4r ako n\u00edzke podanie).<\/p>\n\n\n\n<p>Okrem toho tento klamliv\u00fd \u00fader nie je obzvl\u00e1\u0161\u0165 u\u017eito\u010dn\u00fd. Ke\u010f sa pripravujete na vysok\u00e9 podanie, v\u00e1\u0161 s\u00faper sa nemus\u00ed pon\u00e1h\u013ea\u0165 s c\u00favan\u00edm; m\u00e1 dostatok \u010dasu, a preto m\u00f4\u017ee po\u010dka\u0165, k\u00fdm si nebude ist\u00fd va\u0161\u00edm podan\u00edm. Na tento klamliv\u00fd \u00fader sa m\u00f4\u017ee nachyta\u0165  nieko\u013eko pomal\u00fdch  hr\u00e1\u010dov, ale z dlhodob\u00e9ho h\u013eadiska to nikoho neoklame.<\/p>\n\n\n\n<p>Pravdepodobne je tento podvod \u0161kodliv\u00fd. Dosiahne sa t\u00fdm iba to, \u017ee va\u0161e pod\u00e1vanie bude menej presn\u00e9.<\/p>\n\n\n\n<p>Hr\u00e1\u010di sa \u010dasto rozhodn\u00fa pre tento \u00fader, preto\u017ee sa ob\u00e1vaj\u00fa, \u017ee ich s\u00faper o\u010dak\u00e1va n\u00edzke podanie. Lep\u0161\u00edm rie\u0161en\u00edm je v\u0161ak pou\u017ei\u0165 flick podanie.<\/p>\n\n\n\n<p class=\"has-large-font-size\">Pou\u017eitie flick podania <\/p>\n\n\n\n<p>Flick podanie je u\u017eito\u010dn\u00e9 hlavne ako vari\u00e1cia na n\u00edzke podanie. <\/p>\n\n\n\n<p>\u00da\u010delom tejto vari\u00e1cie je zabr\u00e1ni\u0165 v\u00e1\u0161mu s\u00faperovi z\u00edska\u0165 skor\u00fa v\u00fdhodu predv\u00eddan\u00edm v\u00e1\u0161ho n\u00edzkeho podania. Na rozdiel od vy\u0161\u0161ie pop\u00edsan\u00e9ho klamliv\u00e9ho \u00faderu, t\u00e1to vari\u00e1cia slu\u017eby neovplyv\u0148uje presnos\u0165 v\u00e1\u0161ho n\u00edzkeho zobrazenia. Navy\u0161e, preto\u017ee flick sl\u00fa\u017ei na to, aby sa v\u00e1\u0161 protivn\u00edk dostal pod pohybov\u00fd tlak. Pri vysok\u00fdch \u00farovniach hry je flick podanie zvy\u010dajne namieren\u00e9 kr\u00ed\u017ene do rohu a nie do stredu. Je to preto, \u017ee hranie flick podania na kr\u00ed\u017e vytv\u00e1ra v\u00e4\u010d\u0161\u00ed pohybov\u00fd tlak. Flick podanie mus\u00ed by\u0165 zahran\u00e9 s dostato\u010dnou v\u00fd\u0161kou, aby ste zabr\u00e1nili tomu, aby ho v\u00e1\u0161 s\u00faper zachytil v strede ihriska; a mus\u00ed prist\u00e1\u0165 v zadn\u00fdch  \u010dastiach medzi bo\u010dn\u00fdmi \u010diarami. Ak sa v\u00e1m nepodar\u00ed dosiahnu\u0165 dostato\u010dn\u00fa v\u00fd\u0161ku alebo d\u013a\u017eku, v\u00e1\u0161 s\u00faper m\u00f4\u017ee zahra\u0165 prudk\u00fd sme\u010d. Mnoho hr\u00e1\u010dov to bude ma\u0165 probl\u00e9m dosiahnu\u0165 pri backhandovom pod\u00e1van\u00ed; budete musie\u0165 vyvin\u00fa\u0165 dobr\u00fa techniku \u200b\u200bna generovanie dostato\u010dnej r\u00fdchlosti hlavy rakety. Medzit\u00fdm zv\u00e1\u017ete pou\u017eitie forehandov\u00e9ho podania.<\/p>\n","protected":false},"excerpt":{"rendered":"<p>Taktika pod\u00e1vania vo dvojhre je \u00faplne odli\u0161n\u00e1 od taktiky pri podan\u00ed vo \u0161tvorhre. Zatia\u013e \u010do vo \u0161tvorhre je objekt\u00edvne najlep\u0161ie n\u00edzke podanie, pri dvojhre je \u0165a\u017ek\u00e9 vybra\u0165 jedno podanie, ktor\u00e9 by ste pou\u017eili ako predvolen\u00e9. Pou\u017e\u00edvajte vysok\u00e9 aj n\u00edzke podanie. Flick podanie by malo by\u0165 vyhraden\u00e9, ke\u010f zist\u00edte slabinu, alebo ke\u010f vid\u00edte, \u017ee v\u00e1\u0161 s\u00faper\u2026 <span class=\"read-more\"><a href=\"https:\/\/bedminton.eu\/?page_id=3124\">\u010c\u00edta\u0165 viac &raquo;<\/a><\/span><\/p>\n","protected":false},"author":1,"featured_media":0,"parent":3122,"menu_order":1,"comment_status":"closed","ping_status":"closed","template":"","meta":{"ngg_post_thumbnail":0,"footnotes":""},"class_list":["post-3124","page","type-page","status-publish","hentry"],"_links":{"self":[{"href":"https:\/\/bedminton.eu\/index.php?rest_route=\/wp\/v2\/pages\/3124","targetHints":{"allow":["GET"]}}],"collection":[{"href":"https:\/\/bedminton.eu\/index.php?rest_route=\/wp\/v2\/pages"}],"about":[{"href":"https:\/\/bedminton.eu\/index.php?rest_route=\/wp\/v2\/types\/page"}],"author":[{"embeddable":true,"href":"https:\/\/bedminton.eu\/index.php?rest_route=\/wp\/v2\/users\/1"}],"replies":[{"embeddable":true,"href":"https:\/\/bedminton.eu\/index.php?rest_route=%2Fwp%2Fv2%2Fcomments&post=3124"}],"version-history":[{"count":9,"href":"https:\/\/bedminton.eu\/index.php?rest_route=\/wp\/v2\/pages\/3124\/revisions"}],"predecessor-version":[{"id":3146,"href":"https:\/\/bedminton.eu\/index.php?rest_route=\/wp\/v2\/pages\/3124\/revisions\/3146"}],"up":[{"embeddable":true,"href":"https:\/\/bedminton.eu\/index.php?rest_route=\/wp\/v2\/pages\/3122"}],"wp:attachment":[{"href":"https:\/\/bedminton.eu\/index.php?rest_route=%2Fwp%2Fv2%2Fmedia&parent=3124"}],"curies":[{"name":"wp","href":"https:\/\/api.w.org\/{rel}","templated":true}]}}