{"id":2918,"date":"2024-04-16T10:31:49","date_gmt":"2024-04-16T08:31:49","guid":{"rendered":"https:\/\/bedminton.eu\/?page_id=2918"},"modified":"2024-04-18T09:38:43","modified_gmt":"2024-04-18T07:38:43","slug":"vyber-uhlov-obrany-vo-stvorhre","status":"publish","type":"page","link":"https:\/\/bedminton.eu\/?page_id=2918","title":{"rendered":"V\u00fdber uhlov obrany vo \u0161tvorhre"},"content":{"rendered":"\n<p class=\"has-background has-small-font-size\" style=\"background-color:#c8c80026\">S obrann\u00fdmi \u00fadermi m\u00e1te ove\u013ea v\u00e4\u010d\u0161iu slobodu pri v\u00fdbere r\u00f4znych uhlov. Zatia\u013e \u010do \u00fato\u010diace \u00fadery kr\u00ed\u017eom cez ihrisko s\u00fa zvy\u010dajne zl\u00fd n\u00e1pad, obrann\u00e9 \u00fadery s\u00fa sk\u00f4r o n\u00e1jden\u00ed medzery\u2009\u2014\u2009nech je kdeko\u013evek. <\/p>\n\n\n\n<p class=\"has-background has-small-font-size\" style=\"background-color:#c8c80026\">Ke\u010f\u017ee \u00fato\u010dn\u00edci zvy\u010dajne uprednost\u0148uj\u00fa svoju poz\u00edciu tak, aby pokr\u00fdvali priame \u00fadery, niektor\u00e9 z najlep\u0161\u00edch obrann\u00fdch \u00faderov priameho obrancu sa hraj\u00fa kr\u00ed\u017eom cez ihrisko. <\/p>\n\n\n\n<p class=\"has-large-font-size\">Obrana proti sme\u010dom <\/p>\n\n\n\n<p class=\"has-medium-font-size\"><a href=\"https:\/\/bedminton.eu\/?page_id=2973\" target=\"_blank\" rel=\"noreferrer noopener\">Lifts <\/a><\/p>\n\n\n\n<p class=\"has-small-font-size\">Lifts by sa mali v\u017edy hra\u0165 do rohu, nikdy nie do stredu. Ak liftujete do stredu, \u00fato\u010dn\u00edci dosiahnu svoju najlep\u0161iu mo\u017en\u00fa poz\u00edciu! Bud\u00fa sme\u010dova\u0165 na stred, tak\u017ee je pre v\u00e1s takmer nemo\u017en\u00e9 n\u00e1js\u0165 \u00fa\u010dinn\u00fd uhol proti\u00fatoku. <\/p>\n\n\n\n<p class=\"has-small-font-size\">Ak je to mo\u017en\u00e9, mali by ste za norm\u00e1lnych okolnost\u00ed hra\u0165 lift do opa\u010dn\u00e9ho rohu ako stoj\u00ed sme\u010diar: prin\u00fati\u0165 ho pohn\u00fa\u0165 sa! Ak zaka\u017ed\u00fdm liftujete do rovnak\u00e9ho rohu, je pre neho ove\u013ea jednoduch\u0161ie dosta\u0165 sa do dobrej poz\u00edcie na sme\u010d. <\/p>\n\n\n\n<p class=\"has-medium-font-size\"><a href=\"https:\/\/bedminton.eu\/?page_id=2973\" target=\"_blank\" rel=\"noreferrer noopener\">Drives<\/a> <\/p>\n\n\n\n<p class=\"has-small-font-size\">Predn\u00fd \u00fato\u010dn\u00edk bude bli\u017e\u0161ie v smere strany ako jeho sme\u010duj\u00faci partner. Naj\u00fa\u010dinnej\u0161ie drives sa preto zvy\u010dajne umiest\u0148uj\u00fa na druh\u00fa stranu. <\/p>\n\n\n\n<p class=\"has-small-font-size\">To znamen\u00e1, \u017ee priamy obranca by mal hra\u0165 drives kr\u00ed\u017eom a obranca na kr\u00ed\u017e by mal hra\u0165 priame drives. <\/p>\n\n\n\n<p class=\"has-small-font-size\">Bu\u010fme v\u0161ak realistick\u00fd, nie v\u017edy bude m\u00f4c\u0165 zmeni\u0165 uhol strely a hra\u0165 kr\u00ed\u017eom cez ihrisko: zvy\u010dajne je  jednoduch\u0161ie hra\u0165 rovno. Priame drives m\u00f4\u017eu by\u0165 tie\u017e \u00fa\u010dinn\u00fdmi proti\u00fatokmi (aj ke\u010f zvy\u010dajne nie s\u00fa tak\u00e9 smrte\u013en\u00e9 ako kr\u00ed\u017ene cez kurt). <\/p>\n\n\n\n<p class=\"has-small-font-size\">V oboch pr\u00edpadoch si obranca mus\u00ed by\u0165 vedom\u00fd poz\u00edcie predn\u00e9ho \u00fato\u010dn\u00edka. Mus\u00ed si d\u00e1va\u0165 pozor, aby nedovolil predn\u00e9mu \u00fato\u010dn\u00edkovi zachyti\u0165 drive (najm\u00e4 forhendom). <\/p>\n\n\n\n<p class=\"has-small-font-size\">Drives do stredu s\u00fa zvy\u010dajne samovra\u017eedn\u00e9: predn\u00fd hr\u00e1\u010d by ich mal \u013eahko vystihn\u00fa\u0165. <\/p>\n\n\n\n<p class=\"has-small-font-size\">Nakoniec si v\u0161imnite, \u017ee v\u00fdber priameho alebo kr\u00ed\u017eneho \u00faderu je ovplyvnen\u00fd t\u00fdm, na ktorej strane je forehand predn\u00e9ho \u00fato\u010dn\u00edka. Priamy drive cez s\u00faperov backhand m\u00f4\u017ee by\u0165 \u010dasto bezpe\u010dnej\u0161\u00ed ako drive kr\u00ed\u017eom cez kurt na jeho forehand! <\/p>\n\n\n\n<p class=\"has-medium-font-size\"><a href=\"https:\/\/bedminton.eu\/?page_id=2973\" target=\"_blank\" rel=\"noreferrer noopener\">Bloky k sieti <\/a><\/p>\n\n\n\n<p class=\"has-small-font-size\">Rovnako ako pri drive, aj tieto sa najlep\u0161ie hraj\u00fa \u010faleko od predn\u00e9ho \u00fato\u010dn\u00edka. <\/p>\n\n\n\n<p class=\"has-small-font-size\">Kr\u00ed\u017eov\u00fd obranca by mal takmer v\u017edy mieri\u0165 svoje bloky rovno (pre\u010d od \u00fato\u010dn\u00edka). Rovn\u00fd obranca by ide\u00e1lne trafil to ist\u00e9 miesto kr\u00ed\u017eom cez ihrisko, ale op\u00e4\u0165 ide o \u0165a\u017e\u0161\u00ed \u00fader. Rovn\u00e9 bloky m\u00f4\u017eu by\u0165 riskantn\u00e9, ale bud\u00fa za priazniv\u00fdch okolnost\u00ed fungova\u0165 . <\/p>\n\n\n\n<p class=\"has-small-font-size\">Na rozdiel od drives m\u00f4\u017eu by\u0165 bloky do stredu \u00fa\u010dinn\u00e9 (drive do stredu prech\u00e1dza nahor okam\u017eite cez jeho \u00faderov\u00fa z\u00f3nu, blok je pred n\u00edm). Bloky do stredu obmedzuj\u00fa jeho mo\u017en\u00e9  uhly strely a mo\u017eno budete schopn\u00ed pokry\u0165 v\u0161etky jeho sie\u0165ov\u00e9 odpovede. <\/p>\n\n\n\n<p class=\"has-small-font-size\">Na rozdiel od drive nemus\u00ed ve\u013emi z\u00e1le\u017ea\u0165 na tom, kde je forhend s\u00fapera. Jeho backhandov\u00e1 sie\u0165ov\u00e1 hra by mala by\u0165 rovnako siln\u00e1 ako forehandov\u00e1 sie\u0165ov\u00e1 hra! <\/p>\n\n\n\n<p class=\"has-medium-font-size\"><a href=\"https:\/\/bedminton.eu\/?page_id=2973\" target=\"_blank\" rel=\"noreferrer noopener\">Pushes<\/a><\/p>\n\n\n\n<p class=\"has-small-font-size\">Pushes sa zvy\u010dajne najlep\u0161ie hraj\u00fa priamo, a to ktor\u00fdmko\u013evek obrancom. <\/p>\n\n\n\n<p class=\"has-small-font-size\">Tento princ\u00edp nie je rovnak\u00fd ako pri drives, pri ktor\u00fdch by priamy obranca zvy\u010dajne mal  hra\u0165 kr\u00ed\u017eov\u00fd drive. <\/p>\n\n\n\n<p class=\"has-small-font-size\">Probl\u00e9mom kr\u00ed\u017eneho push je, \u017ee trv\u00e1 pr\u00edli\u0161 dlho. Kr\u00ed\u017eny drive cez ihrisko m\u00f4\u017ee r\u00fdchlo prejs\u0165 okolo predn\u00e9ho hr\u00e1\u010da, ale push cez ihrisko mu zvy\u010dajne poskytne \u010das na to, aby sa pohol a zachytil ho sk\u00f4r. <\/p>\n\n\n\n<p class=\"has-small-font-size\">Pushes do stredu s\u00fa mimoriadne nezmyseln\u00e9 \u00fader. Pr\u00e1ve pod\u00e1vate ko\u0161\u00edk predn\u00e9mu \u00fato\u010dn\u00edkovi!<\/p>\n\n\n\n<p class=\"has-large-font-size\">Obrana proti drop shots <\/p>\n\n\n\n<p class=\"has-medium-font-size\"><a href=\"https:\/\/bedminton.eu\/?page_id=2973\" target=\"_blank\" rel=\"noreferrer noopener\">Lifts<\/a><\/p>\n\n\n\n<p class=\"has-small-font-size\">Priamy obranca by mal za norm\u00e1lnych okolnost\u00ed hra\u0165 svoje lifty kr\u00ed\u017eom cez ihrisko, preto\u017ee:<\/p>\n\n\n\n<ul class=\"has-small-font-size wp-block-list\">\n<li>N\u00fati s\u00fapera pohybova\u0165 sa (tak\u017ee je pre neho \u0165a\u017e\u0161ie dosiahnu\u0165 ide\u00e1lnu sme\u010dovaciu poz\u00edciu). <\/li>\n<\/ul>\n\n\n\n<ul class=\"has-small-font-size wp-block-list\">\n<li>Potom m\u00f4\u017eete ust\u00fapi\u0165 na krat\u0161iu vzdialenos\u0165, aby ste pokryli kr\u00ed\u017eov\u00fd smer na kurte. <\/li>\n<\/ul>\n\n\n\n<p class=\"has-small-font-size\">Ak priamy obranca namiesto toho zahr\u00e1 priamy lift, potom sa mus\u00ed ve\u013emi r\u00fdchlo vr\u00e1ti\u0165 do obrannej poz\u00edcie. <\/p>\n\n\n\n<p class=\"has-small-font-size\">Kr\u00ed\u017eov\u00fd obranca by mal hra\u0165 priamo\u010diaro, preto\u017ee sme\u010diarovi nech\u00e1va m\u00e1lo \u010dasu na zaujatie poz\u00edcie. <\/p>\n\n\n\n<p class=\"has-small-font-size\">Rovnako ako pri obrane proti sme\u010dom by ste sa nikdy nemali liftova\u0165 do stredu (to d\u00e1va va\u0161im s\u00faperom najlep\u0161iu mo\u017en\u00fa \u00fato\u010dn\u00fa poz\u00edciu). <\/p>\n\n\n\n<p class=\"has-medium-font-size\"><a href=\"https:\/\/bedminton.eu\/?page_id=2973\" target=\"_blank\" rel=\"noreferrer noopener\">Net s<\/a><a href=\"https:\/\/bedminton.eu\/?page_id=2973\">hots<\/a> <\/p>\n\n\n\n<p class=\"has-small-font-size\">Ak m\u00f4\u017eete bezpe\u010dne br\u00e1ni\u0165 pomocou net shot je to zvy\u010dajne najlep\u0161ie, preto\u017ee ste okam\u017eite v poz\u00edcii pokry\u0165 ak\u00fako\u013evek sie\u0165ov\u00fa odpove\u010f. Ak je \u00fader pomal\u00fd, priamy net shot v\u00e1m tie\u017e umo\u017en\u00ed udeli\u0165 ko\u0161\u00edku spin. <\/p>\n\n\n\n<p class=\"has-small-font-size\">Ke\u010f zadn\u00fd \u00fato\u010dn\u00edk hr\u00e1 drop shot, jeho partner sa presunie, aby pokryl t\u00fato \u010das\u0165 siete. Z tohto d\u00f4vodu m\u00f4\u017eu by\u0165 \u00fa\u010dinn\u00e9 net shots kr\u00ed\u017eom cez ihrisko (umiestnenie ko\u0161\u00edka od s\u00fapera). <\/p>\n\n\n\n<p class=\"has-small-font-size\">Net shots do stredu s\u00fa tie\u017e dobrou mo\u017enos\u0165ou, s my\u0161lienkou obmedzi\u0165 efekt\u00edvne uhly odpovede v\u00e1\u0161ho s\u00fapera. <\/p>\n\n\n\n<p class=\"has-small-font-size\">Kr\u00ed\u017eov\u00fd obranca by mal takmer v\u017edy zahr\u00e1va\u0165 priame net shots. <\/p>\n\n\n\n<p class=\"has-medium-font-size\"><a href=\"https:\/\/bedminton.eu\/?page_id=2973\" target=\"_blank\" rel=\"noreferrer noopener\">Drives<\/a><\/p>\n\n\n\n<p class=\"has-small-font-size\"> Drives sa zvy\u010dajne najlep\u0161ie hr\u00e1 priamo, a to ktor\u00fdmko\u013evek obrancom. <\/p>\n\n\n\n<p class=\"has-small-font-size\">Priamy obranca m\u00f4\u017ee niekedy hra\u0165 kr\u00ed\u017eom, ale toto je ve\u013emi riskantn\u00fd \u00fader, pokia\u013e nie ste vo v\u00fdbornej poz\u00edcii, je pravdepodobn\u00e9, \u017ee ju preru\u0161\u00ed predn\u00fd \u00fato\u010dn\u00edk. Napriek tomu m\u00f4\u017eete niekedy vyu\u017ei\u0165 s\u00faperov rytmus pohybu a pohyb rakety, \u010dasto nastane moment, ke\u010f spust\u00ed raketu alebo presunie svoju v\u00e1hu pri pohybe dopredu, niekedy m\u00f4\u017ee perfektne na\u010dasovan\u00fd drive kr\u00ed\u017eom preletie\u0165 priamo okolo neho. Tento trik bude fungova\u0165 s v\u00e4\u010d\u0161ou pravdepodobnos\u0165ou, ak udriete do jeho backhandu. <\/p>\n\n\n\n<p class=\"has-small-font-size\">Drive by sa nikdy nemali hra\u0165 do stredu, pokia\u013e nedosiahnete drivel ve\u013emi skoro a nem\u00f4\u017eete za\u00fato\u010di\u0165 priamo na telo predn\u00e9ho hr\u00e1\u010da. <\/p>\n\n\n\n<p class=\"has-medium-font-size\"><a href=\"https:\/\/bedminton.eu\/?page_id=2973\" target=\"_blank\" rel=\"noreferrer noopener\">Pushes<\/a><\/p>\n\n\n\n<p class=\"has-small-font-size\">Rovnako ako pri obrane proti sme\u010du, aj pushes by sa malo hra\u0165 takmer v\u017edy rovno. \u00dato\u010denie cez kurt trv\u00e1 pr\u00edli\u0161 dlho, k\u00fdm dosiahne svoj cie\u013e a predn\u00fd \u00fato\u010dn\u00edk by ho mal \u013eahko zachyti\u0165. <\/p>\n\n\n\n<p class=\"has-small-font-size\">Pushes do stredu, ako obvykle, s\u00fa extr\u00e9mne nezmyslen\u00e9 \u00fadery (predn\u00fd hr\u00e1\u010d m\u00f4\u017ee zahra\u0165 priamo dozadu a tvrdo). <\/p>\n\n\n\n<p class=\"has-small-font-size\">Rovnako ako pri drives, v\u00fdnimka z tohto pravidla nast\u00e1va, ke\u010f ko\u0161\u00edk beriete ve\u013emi skoro a m\u00f4\u017eete hra\u0165 tlak smerom nadol alebo aspo\u0148 naplocho. Tu, ke\u010f\u017ee v skuto\u010dnosti \u00fato\u010d\u00edte, pushes do stredu m\u00f4\u017ee by\u0165 dokonca najlep\u0161\u00edm uhlom, je to s\u00faperov \u00fader, nie v\u00e1\u0161, ktor\u00fd teraz mus\u00ed smerova\u0165 nahor.<\/p>\n","protected":false},"excerpt":{"rendered":"<p>S obrann\u00fdmi \u00fadermi m\u00e1te ove\u013ea v\u00e4\u010d\u0161iu slobodu pri v\u00fdbere r\u00f4znych uhlov. Zatia\u013e \u010do \u00fato\u010diace \u00fadery kr\u00ed\u017eom cez ihrisko s\u00fa zvy\u010dajne zl\u00fd n\u00e1pad, obrann\u00e9 \u00fadery s\u00fa sk\u00f4r o n\u00e1jden\u00ed medzery\u2009\u2014\u2009nech je kdeko\u013evek. Ke\u010f\u017ee \u00fato\u010dn\u00edci zvy\u010dajne uprednost\u0148uj\u00fa svoju poz\u00edciu tak, aby pokr\u00fdvali priame \u00fadery, niektor\u00e9 z najlep\u0161\u00edch obrann\u00fdch \u00faderov priameho obrancu sa hraj\u00fa kr\u00ed\u017eom cez ihrisko. Obrana\u2026 <span class=\"read-more\"><a href=\"https:\/\/bedminton.eu\/?page_id=2918\">\u010c\u00edta\u0165 viac &raquo;<\/a><\/span><\/p>\n","protected":false},"author":1,"featured_media":0,"parent":2856,"menu_order":4,"comment_status":"closed","ping_status":"closed","template":"","meta":{"ngg_post_thumbnail":0,"footnotes":""},"class_list":["post-2918","page","type-page","status-publish","hentry"],"_links":{"self":[{"href":"https:\/\/bedminton.eu\/index.php?rest_route=\/wp\/v2\/pages\/2918","targetHints":{"allow":["GET"]}}],"collection":[{"href":"https:\/\/bedminton.eu\/index.php?rest_route=\/wp\/v2\/pages"}],"about":[{"href":"https:\/\/bedminton.eu\/index.php?rest_route=\/wp\/v2\/types\/page"}],"author":[{"embeddable":true,"href":"https:\/\/bedminton.eu\/index.php?rest_route=\/wp\/v2\/users\/1"}],"replies":[{"embeddable":true,"href":"https:\/\/bedminton.eu\/index.php?rest_route=%2Fwp%2Fv2%2Fcomments&post=2918"}],"version-history":[{"count":10,"href":"https:\/\/bedminton.eu\/index.php?rest_route=\/wp\/v2\/pages\/2918\/revisions"}],"predecessor-version":[{"id":3030,"href":"https:\/\/bedminton.eu\/index.php?rest_route=\/wp\/v2\/pages\/2918\/revisions\/3030"}],"up":[{"embeddable":true,"href":"https:\/\/bedminton.eu\/index.php?rest_route=\/wp\/v2\/pages\/2856"}],"wp:attachment":[{"href":"https:\/\/bedminton.eu\/index.php?rest_route=%2Fwp%2Fv2%2Fmedia&parent=2918"}],"curies":[{"name":"wp","href":"https:\/\/api.w.org\/{rel}","templated":true}]}}