{"id":2854,"date":"2024-04-11T12:17:30","date_gmt":"2024-04-11T10:17:30","guid":{"rendered":"https:\/\/bedminton.eu\/?page_id=2854"},"modified":"2024-04-17T14:40:42","modified_gmt":"2024-04-17T12:40:42","slug":"stvorhra-pozicia-hracov","status":"publish","type":"page","link":"https:\/\/bedminton.eu\/?page_id=2854","title":{"rendered":"\u0160tvorhra-poz\u00edcia hr\u00e1\u010dov"},"content":{"rendered":"\n<p class=\"has-small-font-size\">Postavenie vo \u0161tvorhre je o tom, ako vy a v\u00e1\u0161 partner pokryjete kurt. <\/p>\n\n\n\n<p class=\"has-small-font-size\">Mnoho hr\u00e1\u010dov stoj\u00ed bez\u00fa\u010delne. Je be\u017en\u00e9, \u017ee hr\u00e1\u010di hovoria, &#8222;po\u010fme hra\u0165 na strany&#8220; alebo &#8222;po\u010fme hra\u0165 dopredu a dozadu&#8220;. <\/p>\n\n\n\n<p class=\"has-small-font-size\">S pochopen\u00edm z\u00e1kladnej strat\u00e9gie pre \u0161tvorhru v\u0161ak m\u00f4\u017eete robi\u0165 cie\u013eavedom\u00e9 rozhodnutia o tom, kde sa postavi\u0165. <\/p>\n\n\n\n<p class=\"has-large-font-size\">Tri hlavn\u00e9 situ\u00e1cie <\/p>\n\n\n\n<p class=\"has-small-font-size\">Po\u010das v\u00fdmeny dvoj\u00edc sa v ktoromko\u013evek momente nach\u00e1dzate v jednej z troch situ\u00e1ci\u00ed: <\/p>\n\n\n\n<ul class=\"has-small-font-size wp-block-list\">\n<li>\u00datok<\/li>\n<\/ul>\n\n\n\n<ul class=\"has-small-font-size wp-block-list\">\n<li>Obrana<\/li>\n<\/ul>\n\n\n\n<ul class=\"has-small-font-size wp-block-list\">\n<li>Boj o to, kto dostane \u010fal\u0161\u00ed \u00fatok <\/li>\n<\/ul>\n\n\n\n<p class=\"has-small-font-size\">Ka\u017ed\u00e1 z t\u00fdchto situ\u00e1ci\u00ed je spojen\u00e1 so \u0161tandardn\u00fdmi pozi\u010dn\u00fdmi vzorcami. <\/p>\n\n\n\n<p class=\"has-large-font-size\">Z\u00e1kladn\u00e9 polohy <\/p>\n\n\n\n<p class=\"has-medium-font-size\">\u00datok<\/p>\n\n\n\n<p class=\"has-small-font-size\"><em>Jeden hr\u00e1\u010d sme\u010duje zo zadnej polovice ihriska, zatia\u013e \u010do jeho partner stoj\u00ed vpredu. <\/em><\/p>\n\n\n\n<p class=\"has-small-font-size\">Pri \u00fatoku by ste mali prija\u0165 form\u00e1ciu s jedn\u00fdm hr\u00e1\u010dom v zadnej \u010dasti ihriska a druh\u00fdm hr\u00e1\u010dom smerom k prednej \u010dasti ihriska. Zadn\u00fd hr\u00e1\u010d pokryje v\u00e4\u010d\u0161inu striel do zadnej polovice ihriska, pri\u010dom bude pokra\u010dova\u0165 v <a href=\"https:\/\/bedminton.eu\/?page_id=2973\" target=\"_blank\" rel=\"noreferrer noopener\">sme\u010doch<\/a> alebo <a href=\"https:\/\/bedminton.eu\/?page_id=2973\" target=\"_blank\" rel=\"noreferrer noopener\">drop shotoch<\/a>, \u00fato\u010dn\u00fd hr\u00e1\u010d pokryje odpovede na sie\u0165 alebo stred ihriska, a to bu\u010f <a href=\"https:\/\/bedminton.eu\/?page_id=2973\" target=\"_blank\" rel=\"noreferrer noopener\">net kills<\/a> alebo \u00fadermi, ktor\u00e9 vyprovokuj\u00fa \u010fal\u0161\u00ed <a href=\"https:\/\/bedminton.eu\/?page_id=2973\" target=\"_blank\" rel=\"noreferrer noopener\">lift<\/a>. <\/p>\n\n\n\n<p class=\"has-medium-font-size\">Obrana<\/p>\n\n\n\n<p class=\"has-small-font-size\"><em>Br\u00e1niaci hr\u00e1\u010di stoja ved\u013ea seba, aby pokryli ihrisko <\/em><\/p>\n\n\n\n<p class=\"has-small-font-size\">Pri br\u00e1nen\u00ed mus\u00edte prija\u0165 form\u00e1ciu ved\u013ea seba, aby ste mohli pokry\u0165 cel\u00fa \u0161\u00edrku ihriska pre \u0161tvorhru. Ak nedok\u00e1\u017eete pokry\u0165 cel\u00fa \u0161\u00edrku ihriska, v\u00fdmenu okam\u017eite prehr\u00e1te ak\u00fdmko\u013evek dobre umiestnen\u00fdm <a href=\"https:\/\/bedminton.eu\/?page_id=2973\" target=\"_blank\" rel=\"noreferrer noopener\">sme\u010dom<\/a> (alebo dokonca <a href=\"https:\/\/bedminton.eu\/?page_id=2973\" target=\"_blank\" rel=\"noreferrer noopener\">drop shotom<\/a>). <\/p>\n\n\n\n<p class=\"has-small-font-size\">Od stredu ihriska by ste mali ust\u00fapi\u0165 asi jeden krok dozadu, aby ste mali \u010das zareagova\u0165 na sme\u010d. Ak niekto z v\u00e1s stoj\u00ed bl\u00edzko siete, potom bude zranite\u013en\u00fd vo\u010di sme\u010du. <\/p>\n\n\n\n<p class=\"has-medium-font-size\">Boj o \u010fal\u0161\u00ed \u00fatok <\/p>\n\n\n\n<p class=\"has-small-font-size\">Ke\u010f obe strany bojuj\u00fa o \u00fatok, obe maj\u00fa tendenciu za\u010d\u00edna\u0165 v obrannej poz\u00edcii bok po boku. Ke\u010f jedna strana z\u00edska v\u00fdhodu, jeden z jej hr\u00e1\u010dov sa posunie dopredu, aby si pokryl predn\u00fa \u010das\u0165 ihriska a ich \u00fatok sa za\u010dne.<\/p>\n","protected":false},"excerpt":{"rendered":"<p>Postavenie vo \u0161tvorhre je o tom, ako vy a v\u00e1\u0161 partner pokryjete kurt. Mnoho hr\u00e1\u010dov stoj\u00ed bez\u00fa\u010delne. Je be\u017en\u00e9, \u017ee hr\u00e1\u010di hovoria, &#8222;po\u010fme hra\u0165 na strany&#8220; alebo &#8222;po\u010fme hra\u0165 dopredu a dozadu&#8220;. S pochopen\u00edm z\u00e1kladnej strat\u00e9gie pre \u0161tvorhru v\u0161ak m\u00f4\u017eete robi\u0165 cie\u013eavedom\u00e9 rozhodnutia o tom, kde sa postavi\u0165. Tri hlavn\u00e9 situ\u00e1cie Po\u010das v\u00fdmeny dvoj\u00edc sa\u2026 <span class=\"read-more\"><a href=\"https:\/\/bedminton.eu\/?page_id=2854\">\u010c\u00edta\u0165 viac &raquo;<\/a><\/span><\/p>\n","protected":false},"author":1,"featured_media":0,"parent":2844,"menu_order":3,"comment_status":"closed","ping_status":"closed","template":"","meta":{"ngg_post_thumbnail":0,"footnotes":""},"class_list":["post-2854","page","type-page","status-publish","hentry"],"_links":{"self":[{"href":"https:\/\/bedminton.eu\/index.php?rest_route=\/wp\/v2\/pages\/2854","targetHints":{"allow":["GET"]}}],"collection":[{"href":"https:\/\/bedminton.eu\/index.php?rest_route=\/wp\/v2\/pages"}],"about":[{"href":"https:\/\/bedminton.eu\/index.php?rest_route=\/wp\/v2\/types\/page"}],"author":[{"embeddable":true,"href":"https:\/\/bedminton.eu\/index.php?rest_route=\/wp\/v2\/users\/1"}],"replies":[{"embeddable":true,"href":"https:\/\/bedminton.eu\/index.php?rest_route=%2Fwp%2Fv2%2Fcomments&post=2854"}],"version-history":[{"count":5,"href":"https:\/\/bedminton.eu\/index.php?rest_route=\/wp\/v2\/pages\/2854\/revisions"}],"predecessor-version":[{"id":3010,"href":"https:\/\/bedminton.eu\/index.php?rest_route=\/wp\/v2\/pages\/2854\/revisions\/3010"}],"up":[{"embeddable":true,"href":"https:\/\/bedminton.eu\/index.php?rest_route=\/wp\/v2\/pages\/2844"}],"wp:attachment":[{"href":"https:\/\/bedminton.eu\/index.php?rest_route=%2Fwp%2Fv2%2Fmedia&parent=2854"}],"curies":[{"name":"wp","href":"https:\/\/api.w.org\/{rel}","templated":true}]}}