{"id":2434,"date":"2020-03-15T13:43:14","date_gmt":"2020-03-15T12:43:14","guid":{"rendered":"http:\/\/bedminton.eu\/?page_id=2434"},"modified":"2024-02-14T08:20:12","modified_gmt":"2024-02-14T07:20:12","slug":"zoznam-deti","status":"publish","type":"page","link":"https:\/\/bedminton.eu\/?page_id=2434","title":{"rendered":"Zoznam hr\u00e1\u010dov"},"content":{"rendered":"<table>\n<tbody>\n<tr>\n<td>&nbsp;7409<\/td>\n<td>AMBRU\u0160OV\u00c1 Dominika<\/td>\n<td>3.8.2010<\/td>\n<td>U15<\/td>\n<\/tr>\n<tr>\n<td>7386<\/td>\n<td>ANDRT Jaroslav<\/td>\n<td>9.1.1974<\/td>\n<td>dospel\u00ed<\/td>\n<\/tr>\n<tr>\n<td>5530<\/td>\n<td>BAKOV\u00c1 Ivana<\/td>\n<td>12.6.2005<\/td>\n<td>&nbsp;U19<\/td>\n<\/tr>\n<tr>\n<td>&nbsp;4859<\/td>\n<td>BAKOV\u00c1 Lucia<\/td>\n<td>9.7.2003<\/td>\n<td>&nbsp;dospel\u00ed<\/td>\n<\/tr>\n<tr>\n<td>&nbsp;5885<\/td>\n<td>BALENT Tibor<\/td>\n<td>16.9.1969<\/td>\n<td>&nbsp;dospel\u00ed<\/td>\n<\/tr>\n<tr>\n<td>&nbsp;5886<\/td>\n<td>BALENTOV\u00c1 Diana<\/td>\n<td>1.8.1973<\/td>\n<td>&nbsp;dospel\u00ed<\/td>\n<\/tr>\n<tr>\n<td>&nbsp;5168<\/td>\n<td>DANIEL Slavom\u00edr<\/td>\n<td>&nbsp;9.3.1965<\/td>\n<td>&nbsp;dospel\u00ed<\/td>\n<\/tr>\n<tr>\n<td>&nbsp;7394<\/td>\n<td>GELETA Franti\u0161ek<\/td>\n<td>29.12.1963<\/td>\n<td>&nbsp;dospel\u00ed<\/td>\n<\/tr>\n<tr>\n<td>&nbsp;7388<\/td>\n<td>HAJDU Sophie<\/td>\n<td>18.6.2013<\/td>\n<td>&nbsp;U11<\/td>\n<\/tr>\n<tr>\n<td>&nbsp;7389<\/td>\n<td>KLU\u010c\u00c1R Roman<\/td>\n<td>14.10.1968<\/td>\n<td>&nbsp;dospel\u00ed<\/td>\n<\/tr>\n<tr>\n<td>&nbsp;5543<\/td>\n<td>LOK\u0160\u00cdKOV\u00c1 Eva<\/td>\n<td>26.6.1972<\/td>\n<td>&nbsp;dospel\u00ed<\/td>\n<\/tr>\n<tr>\n<td>&nbsp;7411<\/td>\n<td>MIKLO\u0160OV\u00c1 Zara<\/td>\n<td>&nbsp;29.5.2014<\/td>\n<td>&nbsp;U11<\/td>\n<\/tr>\n<tr>\n<td>&nbsp;7414<\/td>\n<td>OND\u00c1\u0160OV\u00c1 Nat\u00e1lia<\/td>\n<td>&nbsp;22.6.2010<\/td>\n<td>&nbsp;U15<\/td>\n<\/tr>\n<tr>\n<td>&nbsp;5654<\/td>\n<td>ONDU\u0160KO Jozef<\/td>\n<td>&nbsp;12.9.1986<\/td>\n<td>&nbsp;dospel\u00ed<\/td>\n<\/tr>\n<tr>\n<td>&nbsp;7387<\/td>\n<td>ORAVEC Ondrej<\/td>\n<td>&nbsp;30.10.2014<\/td>\n<td>&nbsp;U11<\/td>\n<\/tr>\n<tr>\n<td>7391<\/td>\n<td>PETR\u00cdK Mat\u00fa\u0161<\/td>\n<td>&nbsp;11.9.2014<\/td>\n<td>&nbsp;U11<\/td>\n<\/tr>\n<tr>\n<td>7390<\/td>\n<td>PIRH\u00c1\u010c Igor<\/td>\n<td>1.5.1966<\/td>\n<td>dospel\u00ed<\/td>\n<\/tr>\n<tr>\n<td>6837<\/td>\n<td>RERKO Juraj<\/td>\n<td>23.3.1976<\/td>\n<td>dospel\u00ed<\/td>\n<\/tr>\n<tr>\n<td>7410<\/td>\n<td>RERKOV\u00c1 Tereza<\/td>\n<td>3.12.2014<\/td>\n<td>U11<\/td>\n<\/tr>\n<tr>\n<td>7393<\/td>\n<td>SOPKOVI\u010c Adam<\/td>\n<td>24.7.2012<\/td>\n<td>U13<\/td>\n<\/tr>\n<tr>\n<td>7392<\/td>\n<td>SPI\u0160\u00c1K Viktor<\/td>\n<td>7.2.2014<\/td>\n<td>U11<\/td>\n<\/tr>\n<tr>\n<td>5651<\/td>\n<td>STA\u0160KO Milo\u0161<\/td>\n<td>13.1.1981<\/td>\n<td>dospel\u00ed<\/td>\n<\/tr>\n<tr>\n<td>6336<\/td>\n<td>\u0160TEPITOV\u00c1 Nela<\/td>\n<td>4.12.2007<\/td>\n<td>U17<\/td>\n<\/tr>\n<\/tbody>\n<\/table>\n<p>&nbsp;<\/p>\n","protected":false},"excerpt":{"rendered":"<p>&nbsp;7409 AMBRU\u0160OV\u00c1 Dominika 3.8.2010 U15 7386 ANDRT Jaroslav 9.1.1974 dospel\u00ed 5530 BAKOV\u00c1 Ivana 12.6.2005 &nbsp;U19 &nbsp;4859 BAKOV\u00c1 Lucia 9.7.2003 &nbsp;dospel\u00ed &nbsp;5885 BALENT Tibor 16.9.1969 &nbsp;dospel\u00ed &nbsp;5886 BALENTOV\u00c1 Diana 1.8.1973 &nbsp;dospel\u00ed &nbsp;5168 DANIEL Slavom\u00edr &nbsp;9.3.1965 &nbsp;dospel\u00ed &nbsp;7394 GELETA Franti\u0161ek 29.12.1963 &nbsp;dospel\u00ed &nbsp;7388 HAJDU Sophie 18.6.2013 &nbsp;U11 &nbsp;7389 KLU\u010c\u00c1R Roman 14.10.1968 &nbsp;dospel\u00ed &nbsp;5543 LOK\u0160\u00cdKOV\u00c1 Eva 26.6.1972 &nbsp;dospel\u00ed\u2026 <span class=\"read-more\"><a href=\"https:\/\/bedminton.eu\/?page_id=2434\">\u010c\u00edta\u0165 viac &raquo;<\/a><\/span><\/p>\n","protected":false},"author":1,"featured_media":0,"parent":2430,"menu_order":0,"comment_status":"closed","ping_status":"closed","template":"page-templates\/full-width.php","meta":{"ngg_post_thumbnail":0,"footnotes":""},"class_list":["post-2434","page","type-page","status-publish","hentry"],"_links":{"self":[{"href":"https:\/\/bedminton.eu\/index.php?rest_route=\/wp\/v2\/pages\/2434","targetHints":{"allow":["GET"]}}],"collection":[{"href":"https:\/\/bedminton.eu\/index.php?rest_route=\/wp\/v2\/pages"}],"about":[{"href":"https:\/\/bedminton.eu\/index.php?rest_route=\/wp\/v2\/types\/page"}],"author":[{"embeddable":true,"href":"https:\/\/bedminton.eu\/index.php?rest_route=\/wp\/v2\/users\/1"}],"replies":[{"embeddable":true,"href":"https:\/\/bedminton.eu\/index.php?rest_route=%2Fwp%2Fv2%2Fcomments&post=2434"}],"version-history":[{"count":18,"href":"https:\/\/bedminton.eu\/index.php?rest_route=\/wp\/v2\/pages\/2434\/revisions"}],"predecessor-version":[{"id":2803,"href":"https:\/\/bedminton.eu\/index.php?rest_route=\/wp\/v2\/pages\/2434\/revisions\/2803"}],"up":[{"embeddable":true,"href":"https:\/\/bedminton.eu\/index.php?rest_route=\/wp\/v2\/pages\/2430"}],"wp:attachment":[{"href":"https:\/\/bedminton.eu\/index.php?rest_route=%2Fwp%2Fv2%2Fmedia&parent=2434"}],"curies":[{"name":"wp","href":"https:\/\/api.w.org\/{rel}","templated":true}]}}