{"id":508,"date":"2015-07-02T12:48:26","date_gmt":"2015-07-02T10:48:26","guid":{"rendered":"http:\/\/bedminton.koral.sk\/?page_id=508"},"modified":"2015-07-02T12:48:26","modified_gmt":"2015-07-02T10:48:26","slug":"bekhendove-podanie-kratke","status":"publish","type":"page","link":"http:\/\/bedminton.eu\/?page_id=508","title":{"rendered":"Bekhendov\u00e9 podanie &#8211; kr\u00e1tke"},"content":{"rendered":"<h4>\u010co je to podanie.<\/h4>\n<p>Pod\u013ea pravidiel\u00a0 hry mus\u00ed ko\u0161\u00edk preletie\u0165 z jedn\u00e9ho po\u013ea podania uhloprie\u010dne do s\u00faperovho po\u013ea podania. N\u00edzke bekhendov\u00e9 podania letia tesne ponad sie\u0165 a dopadaj\u00fa uhloprie\u010dne do prednej \u010dasti s\u00faperovho po\u013ea podania.<\/p>\n<p><a href=\"http:\/\/bedminton.eu\/wp-content\/uploads\/2015\/07\/backhand_serv_1.jpg\"><img loading=\"lazy\" decoding=\"async\" class=\"alignnone size-medium wp-image-510\" src=\"http:\/\/bedminton.eu\/wp-content\/uploads\/2015\/07\/backhand_serv_1-300x108.jpg\" alt=\"backhand_serv_1\" width=\"300\" height=\"108\" srcset=\"http:\/\/bedminton.eu\/wp-content\/uploads\/2015\/07\/backhand_serv_1-300x108.jpg 300w, http:\/\/bedminton.eu\/wp-content\/uploads\/2015\/07\/backhand_serv_1.jpg 427w\" sizes=\"auto, (max-width: 300px) 100vw, 300px\" \/><\/a><\/p>\n<h4>Kedy ho pou\u017e\u00edvame.<\/h4>\n<p>Pou\u017e\u00edva sa hlavne v \u0161tvorhr\u00e1ch a mu\u017esk\u00fdch dvojhr\u00e1ch na za\u010datie v\u00fdmeny.<\/p>\n<h4>\u00a0Na\u010do ho vyu\u017e\u00edvame.<\/h4>\n<p>Vyu\u017e\u00edva sa hlavne na obmedzenie mo\u017enosti s\u00fapera za\u00fato\u010di\u0165. Pr\u00edpadne na vytvorenie pr\u00edle\u017eitosti za\u00fato\u010di\u0165 pre v\u00e1s.<\/p>\n<p>https:\/\/www.youtube.com\/watch?v=Ii83dMZjRq4<\/p>\n<h4>Ako ho vykona\u0165.<\/h4>\n<p><a href=\"http:\/\/bedminton.eu\/wp-content\/uploads\/2015\/07\/backhandservicesequence.gif\"><img loading=\"lazy\" decoding=\"async\" class=\"alignnone size-medium wp-image-520\" src=\"http:\/\/bedminton.eu\/wp-content\/uploads\/2015\/07\/backhandservicesequence-300x171.gif\" alt=\"backhandservicesequence\" width=\"300\" height=\"171\" \/><\/a><\/p>\n<table>\n<tbody>\n<tr>\n<td style=\"width: 25%; text-align: center; vertical-align: top;\">\n<h4><span style=\"color: #000000;\">\u00a0Pr\u00edpravn\u00e1 f\u00e1za<\/span><\/h4>\n<\/td>\n<td style=\"width: 25%; text-align: center; vertical-align: top;\">\n<h4><span style=\"color: #000000;\">\u00a0N\u00e1prah<\/span><\/h4>\n<\/td>\n<td style=\"width: 25%; text-align: center; vertical-align: top;\">\n<h4><span style=\"color: #000000;\">\u00a0\u00dader<\/span><\/h4>\n<\/td>\n<td style=\"width: 25%; text-align: center; vertical-align: top;\">\n<h4><span style=\"color: #000000;\">\u00a0Dokon\u010denie<\/span><\/h4>\n<\/td>\n<\/tr>\n<tr>\n<td style=\"width: 25%; text-align: center; vertical-align: top;\"><a href=\"http:\/\/bedminton.eu\/wp-content\/uploads\/2015\/07\/backhand_serv_um1.jpg\"><img loading=\"lazy\" decoding=\"async\" class=\"alignnone size-medium wp-image-516\" src=\"http:\/\/bedminton.eu\/wp-content\/uploads\/2015\/07\/backhand_serv_um1-272x300.jpg\" alt=\"backhand_serv_um1\" width=\"272\" height=\"300\" srcset=\"http:\/\/bedminton.eu\/wp-content\/uploads\/2015\/07\/backhand_serv_um1-272x300.jpg 272w, http:\/\/bedminton.eu\/wp-content\/uploads\/2015\/07\/backhand_serv_um1.jpg 279w\" sizes=\"auto, (max-width: 272px) 100vw, 272px\" \/><\/a><\/td>\n<td style=\"width: 25%; text-align: center; vertical-align: top;\">\u00a0<a href=\"http:\/\/bedminton.eu\/wp-content\/uploads\/2015\/07\/backhand_serv_um2.jpg\"><img loading=\"lazy\" decoding=\"async\" class=\"alignnone size-medium wp-image-517\" src=\"http:\/\/bedminton.eu\/wp-content\/uploads\/2015\/07\/backhand_serv_um2-272x300.jpg\" alt=\"backhand_serv_um2\" width=\"272\" height=\"300\" srcset=\"http:\/\/bedminton.eu\/wp-content\/uploads\/2015\/07\/backhand_serv_um2-272x300.jpg 272w, http:\/\/bedminton.eu\/wp-content\/uploads\/2015\/07\/backhand_serv_um2.jpg 279w\" sizes=\"auto, (max-width: 272px) 100vw, 272px\" \/><\/a><\/td>\n<td style=\"width: 25%; text-align: center; vertical-align: top;\">\u00a0<a href=\"http:\/\/bedminton.eu\/wp-content\/uploads\/2015\/07\/backhand_serv_um3.jpg\"><img loading=\"lazy\" decoding=\"async\" class=\"alignnone size-medium wp-image-518\" src=\"http:\/\/bedminton.eu\/wp-content\/uploads\/2015\/07\/backhand_serv_um3-273x300.jpg\" alt=\"backhand_serv_um3\" width=\"273\" height=\"300\" srcset=\"http:\/\/bedminton.eu\/wp-content\/uploads\/2015\/07\/backhand_serv_um3-273x300.jpg 273w, http:\/\/bedminton.eu\/wp-content\/uploads\/2015\/07\/backhand_serv_um3.jpg 280w\" sizes=\"auto, (max-width: 273px) 100vw, 273px\" \/><\/a><\/td>\n<td style=\"width: 25%; text-align: center; vertical-align: top;\">\u00a0<a href=\"http:\/\/bedminton.eu\/wp-content\/uploads\/2015\/07\/backhand_serv_um4.jpg\"><img loading=\"lazy\" decoding=\"async\" class=\"alignnone size-medium wp-image-519\" src=\"http:\/\/bedminton.eu\/wp-content\/uploads\/2015\/07\/backhand_serv_um4-275x300.jpg\" alt=\"backhand_serv_um4\" width=\"275\" height=\"300\" srcset=\"http:\/\/bedminton.eu\/wp-content\/uploads\/2015\/07\/backhand_serv_um4-275x300.jpg 275w, http:\/\/bedminton.eu\/wp-content\/uploads\/2015\/07\/backhand_serv_um4.jpg 282w\" sizes=\"auto, (max-width: 275px) 100vw, 275px\" \/><\/a><\/td>\n<\/tr>\n<tr>\n<td style=\"width: 25%; text-align: center; vertical-align: top;\">\n<ul>\n<li style=\"text-align: left;\"><span style=\"color: #000000;\">Postoj m\u00f4\u017ee by\u0165 r\u00f4zny, najbe\u017enej\u0161\u00ed je v\u0161ak postoj s nohou (na strane, kde dr\u017e\u00edte raketu) vpredu, bl\u00edzko &#8222;T&#8220;.<\/span><\/li>\n<li style=\"text-align: left;\"><span style=\"color: #000000;\">Raketu uchopte uvo\u013enene kr\u00e1tkym bekhendov\u00fdm dr\u017ean\u00edm ( pre \u0161tvorhry)<\/span><\/li>\n<li style=\"text-align: left;\"><span style=\"color: #000000;\">Raketu presu\u0148te \u010falej pred telo.<\/span><\/li>\n<li style=\"text-align: left;\"><span style=\"color: #000000;\">Ko\u0161\u00edk umiestnite na v\u00fdplet rakety\u00a0<\/span><\/li>\n<\/ul>\n<\/td>\n<td style=\"width: 25%; text-align: center; vertical-align: top;\">\n<ul>\n<li style=\"text-align: left;\"><span style=\"color: #000000;\">Posu\u0148te raketu smerom dozadu od ko\u0161\u00edka<\/span><\/li>\n<li style=\"text-align: left;\"><span style=\"color: #000000;\">Mierne otvorte hlavu rakety\u00a0<\/span><\/li>\n<\/ul>\n<\/td>\n<td style=\"width: 25%; text-align: left; vertical-align: top;\">\n<ul>\n<li><span style=\"color: #000000;\">Raketu tla\u010dte smerom ku ko\u0161\u00edku<\/span><\/li>\n<li><span style=\"color: #000000;\">\u00daderom vyrazte ko\u0161\u00edk z ruky\u00a0.<\/span><\/li>\n<\/ul>\n<\/td>\n<td style=\"width: 25%; text-align: left; vertical-align: top;\">\n<ul>\n<li><span style=\"color: #000000;\">Pokra\u010dujte v pretla\u010den\u00ed ko\u0161\u00edka.<\/span><\/li>\n<li><span style=\"color: #000000;\">Raketu vr\u00e1\u0165te do strehovej polohy, kde je pripraven\u00e1 za\u00fato\u010di\u0165 na s\u00faperov return.\u00a0<\/span><\/li>\n<\/ul>\n<\/td>\n<\/tr>\n<\/tbody>\n<\/table>\n<h3>\u00a0Bekhendov\u00e9 n\u00edzke podanie ako ho u\u010d\u00ed coach Lee \u00a0(ve\u013emi podrobn\u00e9 vysvetlenie v\u0161etk\u00fdch aspektov podania)<\/h3>\n<p><iframe loading=\"lazy\" title=\"Badminton-Backhand Low Service\" width=\"665\" height=\"374\" src=\"https:\/\/www.youtube.com\/embed\/FHmYdyM7O9Q?feature=oembed\" frameborder=\"0\" allow=\"accelerometer; autoplay; clipboard-write; encrypted-media; gyroscope; picture-in-picture; web-share\" referrerpolicy=\"strict-origin-when-cross-origin\" allowfullscreen><\/iframe><\/p>\n<h3>O n\u00edzkom bekhendovom podan\u00ed pojedn\u00e1va i Epiz\u00f3da 24 &#8211; <span style=\"color: #003300;\">Zhao Jianhua and Xiao Jie<\/span><\/h3>\n<p><iframe loading=\"lazy\" title=\"Episode 24 part 1 - Short Serve\" width=\"665\" height=\"499\" src=\"https:\/\/www.youtube.com\/embed\/idXN3aMZj5s?feature=oembed\" frameborder=\"0\" allow=\"accelerometer; autoplay; clipboard-write; encrypted-media; gyroscope; picture-in-picture; web-share\" referrerpolicy=\"strict-origin-when-cross-origin\" allowfullscreen><\/iframe><\/p>\n<h3>Badminton Beginners Lesson #5 &#8211; Backhand Serve ( low &amp; flick )<\/h3>\n<p><iframe loading=\"lazy\" title=\"Badminton Lesson #5 - Backhand Serve ( low &amp; flick )\" width=\"665\" height=\"374\" src=\"https:\/\/www.youtube.com\/embed\/-Pf5bQU_FKs?feature=oembed\" frameborder=\"0\" allow=\"accelerometer; autoplay; clipboard-write; encrypted-media; gyroscope; picture-in-picture; web-share\" referrerpolicy=\"strict-origin-when-cross-origin\" allowfullscreen><\/iframe><\/p>\n<p>&nbsp;<\/p>\n<p>&nbsp;<\/p>\n<p>&nbsp;<\/p>\n<p>&nbsp;<\/p>\n<p>&nbsp;<\/p>\n<p>&nbsp;<\/p>\n<p>&nbsp;<\/p>\n","protected":false},"excerpt":{"rendered":"<p>\u010co je to podanie. Pod\u013ea pravidiel\u00a0 hry mus\u00ed ko\u0161\u00edk preletie\u0165 z jedn\u00e9ho po\u013ea podania uhloprie\u010dne do s\u00faperovho po\u013ea podania. N\u00edzke bekhendov\u00e9 podania letia tesne ponad sie\u0165 a dopadaj\u00fa uhloprie\u010dne do prednej \u010dasti s\u00faperovho po\u013ea podania. Kedy ho pou\u017e\u00edvame. Pou\u017e\u00edva sa hlavne v \u0161tvorhr\u00e1ch a mu\u017esk\u00fdch dvojhr\u00e1ch na za\u010datie v\u00fdmeny. \u00a0Na\u010do ho vyu\u017e\u00edvame. Vyu\u017e\u00edva sa hlavne\u2026 <span class=\"read-more\"><a href=\"http:\/\/bedminton.eu\/?page_id=508\">\u010c\u00edta\u0165 viac &raquo;<\/a><\/span><\/p>\n","protected":false},"author":1,"featured_media":0,"parent":108,"menu_order":11,"comment_status":"closed","ping_status":"open","template":"page-templates\/full-width.php","meta":{"ngg_post_thumbnail":0,"footnotes":""},"class_list":["post-508","page","type-page","status-publish","hentry"],"_links":{"self":[{"href":"http:\/\/bedminton.eu\/index.php?rest_route=\/wp\/v2\/pages\/508","targetHints":{"allow":["GET"]}}],"collection":[{"href":"http:\/\/bedminton.eu\/index.php?rest_route=\/wp\/v2\/pages"}],"about":[{"href":"http:\/\/bedminton.eu\/index.php?rest_route=\/wp\/v2\/types\/page"}],"author":[{"embeddable":true,"href":"http:\/\/bedminton.eu\/index.php?rest_route=\/wp\/v2\/users\/1"}],"replies":[{"embeddable":true,"href":"http:\/\/bedminton.eu\/index.php?rest_route=%2Fwp%2Fv2%2Fcomments&post=508"}],"version-history":[{"count":0,"href":"http:\/\/bedminton.eu\/index.php?rest_route=\/wp\/v2\/pages\/508\/revisions"}],"up":[{"embeddable":true,"href":"http:\/\/bedminton.eu\/index.php?rest_route=\/wp\/v2\/pages\/108"}],"wp:attachment":[{"href":"http:\/\/bedminton.eu\/index.php?rest_route=%2Fwp%2Fv2%2Fmedia&parent=508"}],"curies":[{"name":"wp","href":"https:\/\/api.w.org\/{rel}","templated":true}]}}