{"id":3210,"date":"2024-06-20T11:07:17","date_gmt":"2024-06-20T09:07:17","guid":{"rendered":"https:\/\/bedminton.eu\/?page_id=3210"},"modified":"2024-07-01T12:38:54","modified_gmt":"2024-07-01T10:38:54","slug":"pouzitie-dropov-na-vytvorenie-vyhody","status":"publish","type":"page","link":"http:\/\/bedminton.eu\/?page_id=3210","title":{"rendered":"Pou\u017eitie dropov na vytvorenie v\u00fdhody"},"content":{"rendered":"\n<p><strong><em><mark style=\"background-color:rgba(0, 0, 0, 0)\" class=\"has-inline-color has-vivid-purple-color\">Drop shots m\u00f4\u017eu by\u0165 jedn\u00fdm z najklamlivej\u0161\u00edch \u00faderov, ktor\u00e9 pon\u00fakaj\u00fa skvel\u00fa pr\u00edle\u017eitos\u0165 na vyvinutie pohybov\u00e9ho tlaku na s\u00fapera. V porovnan\u00ed s kl\u00edrom je nev\u00fdhodou, \u017ee po zahran\u00ed drop shotu budete ma\u0165 menej \u010dasu na dosiahnutie z\u00e1kladnej poz\u00edcie.<\/mark><\/em><\/strong><\/p>\n\n\n\n<p>Preto\u017ee m\u00e1te menej \u010dasu na dosiahnutie svojej z\u00e1kladnej poz\u00edcie, drop shot m\u00f4\u017ee by\u0165 pova\u017eovan\u00fd za trochu riskantnej\u0161\u00ed ako kl\u00edr. \u010casto m\u00e1 zmysel po\u010dka\u0165, k\u00fdm budete v dobrej poz\u00edcii a a\u017e potom hra\u0165 drop shot.<\/p>\n\n\n\n<p class=\"has-large-font-size\"><strong>R\u00f4zne trajekt\u00f3rie<\/strong><\/p>\n\n\n\n<p>Rovnako ako pri kl\u00edroch, ani pri drop shots nie s\u00fa v\u0161etky rovnak\u00e9. Mus\u00edte pochopi\u0165 \u00fa\u010dinok vo\u013eby r\u00fdchlej\u0161\u00edch alebo pomal\u0161\u00edch drop shotov.<\/p>\n\n\n\n<p>Mnoho hr\u00e1\u010dov ver\u00ed, \u017ee drop shoty by mali v\u017edy dopada\u0165 \u010do najbli\u017e\u0161ie k sieti (pomal\u00fd drop). Toto je z\u00e1kladn\u00e1 myln\u00e1 predstava, ktor\u00fa treba napravi\u0165.<\/p>\n\n\n\n<p>T\u00e1to myln\u00e1 predstava sa \u010dasto vyskytuje, preto\u017ee hr\u00e1\u010di s\u00fa bezmy\u0161lienkovite cvi\u010den\u00ed \u00faderovej rutiny: lift, drop, lift, drop. Hovor\u00ed sa im, \u017ee kl\u00edry musia by\u0165 v\u017edy vysok\u00e9 a drop shoty musia v\u017edy dopada\u0165 medzi kr\u00e1tku \u010diaru podania a sie\u0165.<\/p>\n\n\n\n<p>T\u00e1to my\u0161lienka je jednoducho nespr\u00e1vna. \u017dia\u013e, t\u00edto hr\u00e1\u010di potom nedok\u00e1\u017eu pochopi\u0165, pre\u010do prehr\u00e1vaj\u00fa v\u00fdmeny, aj ke\u010f svoje \u00fadery predv\u00e1dzaj\u00fa bezchybne. Odpove\u010f je tak\u00e1to: st\u00e1le hraj\u00fa rutinu, zatia\u013e \u010do ich s\u00faperi hraj\u00fa spr\u00e1vny bedminton.<\/p>\n\n\n\n<p>V rutine \u00faderu vyzeraj\u00fa \u00fadery pekne, ke\u010f pristan\u00fa naozaj tesne k sieti. Ale v skuto\u010dnej hre bedmintonu s\u00fa tieto pekn\u00e9 \u00fadery zbyto\u010dn\u00e9 (v\u00e4\u010d\u0161inou).<\/p>\n\n\n\n<p class=\"has-medium-font-size\"><strong>Pomal\u00e9 drop shoty<\/strong><\/p>\n\n\n\n<p>Tieto sa niekedy naz\u00fdvaj\u00fa stop-drop shoty. Hraj\u00fa sa jemne, prist\u00e1vaj\u00fa medzi sie\u0165ou a kr\u00e1tkou \u010diarou podania. <\/p>\n\n\n\n<p>Pomal\u00e9 \u00fadery s\u00fa vynikaj\u00face, ak ich v\u00e1\u0161 s\u00faper dosiahne neskoro, ke\u010f ko\u0161\u00edk klesne pod sie\u0165ov\u00fa v\u00fd\u0161ku. Preto\u017ee ko\u0161\u00edk je tesne k sieti, v\u00e1\u0161 s\u00faper nebude schopn\u00fd zahra\u0165 lift v plnej d\u013a\u017eke. Ak sa tak stane, m\u00e1te v\u00ed\u0165azn\u00fa v\u00fdhodu.<\/p>\n\n\n\n<p>Siln\u00ed hr\u00e1\u010di v\u0161ak toto nedovolia. Dostan\u00fa sa ku ko\u0161\u00edku skoro, bu\u010f zahraj\u00fa net kill alebo tesn\u00fd sie\u0165ov\u00fd \u00fader.<\/p>\n\n\n\n<p>Probl\u00e9m s pomal\u00fdmi drop shotmi je, \u017ee pr\u00edli\u0161 dlho prech\u00e1dzaj\u00fa cez sie\u0165. To d\u00e1va v\u00e1\u0161mu s\u00faperovi \u010das na skor\u00e9 dosiahnutie ko\u0161\u00edka. Je ove\u013ea jednoduch\u0161ie zahra\u0165 tesn\u00fd sie\u0165ov\u00fd \u00fader, ke\u010f sa ko\u0161\u00edk pohybuje pomaly a m\u00f4\u017eete ho dosiahnu\u0165 bl\u00edzko sie\u0165ovej p\u00e1sky.<\/p>\n\n\n\n<p>Vo v\u0161eobecnosti plat\u00ed, \u017ee by ste nemali hra\u0165 pomal\u00e9 drop shoty. Existuj\u00fa v\u0161ak dve d\u00f4le\u017eit\u00e9 v\u00fdnimky:<\/p>\n\n\n\n<p>Udierate z bl\u00edzkosti siete (nie \u00faplne od zadnej \u010dasti).<br>V\u00e1\u0161 s\u00faper sa neskoro vracia zo zadnej \u010dasti ihriska.<br>V oboch t\u00fdchto situ\u00e1ci\u00e1ch bude pre v\u00e1\u0161ho s\u00fapera \u0165a\u017e\u0161ie dosta\u0165 sa ku ko\u0161\u00edku sk\u00f4r: v prvom pr\u00edpade, preto\u017ee ste bli\u017e\u0161ie k sieti, tak\u017ee ko\u0161\u00edku bude trva\u0165 menej \u010dasu, k\u00fdm sa tam dostane; v druhom pr\u00edpade, preto\u017ee v\u00e1\u0161 s\u00faper u\u017e me\u0161k\u00e1 pri postupe dopredu.<\/p>\n\n\n\n<p>Tak\u017ee v t\u00fdchto dvoch situ\u00e1ci\u00e1ch je pomal\u00fd drop shot \u010dasto dobrou vo\u013ebou. Ke\u010f ko\u0161\u00edk v\u00e1\u0161 s\u00faper dosiahne, bude u\u017e pod p\u00e1skou siete.<\/p>\n\n\n\n<p class=\"has-medium-font-size\"><strong>R\u00fdchly drop shot<\/strong><\/p>\n\n\n\n<p>Tie sa niekedy naz\u00fdvaj\u00fa kontrolovan\u00fd sme\u010d.<\/p>\n\n\n\n<p>R\u00fdchle drop shoty s\u00fa zasiahnut\u00e9 v\u00e4\u010d\u0161\u00edm tempom, tak\u017ee prist\u00e1vaj\u00fa bl\u00edzko pod\u00e1vacej  \u010diary. M\u00f4\u017ee sa to zda\u0165 hl\u00fape, preto\u017ee bod prist\u00e1tia je bli\u017e\u0161ie k v\u00e1\u0161mu protivn\u00edkovi ako pomal\u00fd drop shot; ale v skuto\u010dnosti je to ove\u013ea lep\u0161ia mo\u017enos\u0165.<\/p>\n\n\n\n<p>Je to kompromis: preto\u017ee strela je r\u00fdchlej\u0161ia, v\u00e1\u0161 protivn\u00edk m\u00e1 menej \u010dasu a bude n\u00faten\u00fd vzia\u0165 ko\u0161\u00edk bl\u00edzko podlahy; ale preto\u017ee dopadne \u010falej od siete, v\u00e1\u0161 s\u00faper bude ma\u0165 uhol na to, aby zahral lift.<\/p>\n\n\n\n<p>Takmer v\u0161etky va\u0161e drop shoty by mali by\u0165 r\u00fdchle dropy. T\u00fdm, \u017ee zahr\u00e1te r\u00fdchly drop, zabr\u00e1nite s\u00faperovi v tom, aby sa ko\u0161\u00edk dostal do bl\u00edzkosti sie\u0165ovej p\u00e1sky a zahral tesn\u00fd rotovan\u00fd sie\u0165ov\u00fd \u00fader. Vystavujete ho tie\u017e zna\u010dn\u00e9mu pohybov\u00e9mu tlaku.<\/p>\n\n\n\n<p>Kr\u00e1tka servisn\u00e1 \u010diara je dobrou cie\u013eovou oblas\u0165ou pre drop shoty. Urobte z toho svoj \u0161tandardn\u00fd cie\u013e, namiesto toho, aby ste sa sna\u017eili, aby va\u0161e \u00fadery dopadli bl\u00edzko siete.<\/p>\n\n\n\n<p class=\"has-medium-font-size\"><strong>Drive &#8211; drop shoty<\/strong><\/p>\n\n\n\n<p>Toto je \u0161peci\u00e1lna trieda r\u00fdchlych drop shotov, ktor\u00e1 stoj\u00ed za to rozli\u0161ova\u0165, preto\u017ee pln\u00ed d\u00f4le\u017eit\u00fa taktick\u00fa \u00falohu.<\/p>\n\n\n\n<p>Ke\u010f ste pod ve\u013ek\u00fdm tlakom v zadnej \u010dasti ihriska a nedok\u00e1\u017eete zahra\u0165 dobr\u00fd kl\u00edr, budete musie\u0165 namiesto toho zahra\u0165 drop shot. K tomu zvy\u010dajne doch\u00e1dza, ke\u010f ko\u0161\u00edk beriete z ni\u017e\u0161ej ne\u017e ide\u00e1lnej polohy a trochu zozadu. V\u00e1\u0161 s\u00faper pravdepodobne spozn\u00e1 v\u00e1\u0161 probl\u00e9m a pohne sa dopredu, aby ohrozil sie\u0165.<\/p>\n\n\n\n<p>V tejto situ\u00e1cii by ste mali zahra\u0165 \u00fadery extra tempom a zasiahnu\u0165 ich tak, aby prist\u00e1li mierne za kr\u00e1tkou \u010diarou. Z tohto d\u00f4vodu bude va\u0161a strela smerova\u0165 celkom plocho a r\u00fdchlo do prednej polovice ihriska\u2009 \u2013\u2009odtia\u013e n\u00e1zov drive-drop shot.<\/p>\n\n\n\n<p>T\u00fdm, \u017ee budete hra\u0165 tieto \u00fadery typu drive-drop s tempom, zabr\u00e1nite s\u00faperovi zahra\u0165 tesn\u00fd \u00fader k sieti. M\u00f4\u017eete ho tie\u017e dosta\u0165 do probl\u00e9mov, ak za\u0161iel pr\u00edli\u0161 \u010faleko dopredu v o\u010dak\u00e1van\u00ed pomal\u0161ieho \u00faderu.<\/p>\n\n\n\n<p>Mohlo by sa zda\u0165 bizarn\u00e9, \u017ee ke\u010f ste pod tlakom, mali by ste z\u00e1merne posla\u0165 rko\u0161\u00edk k s\u00faperovi r\u00fdchlej\u0161ie. Ale zamyslite sa nad trajekt\u00f3riou jeho sie\u0165ov\u00fdch odpoved\u00ed. Ak zasiahnete r\u00fdchly drop shot (drive-drop shot), bude pre neho nemo\u017en\u00e9 zahra\u0165 sie\u0165ov\u00fd \u00fader, ktor\u00fd dopadne bl\u00edzko siete. Ak v\u0161ak zasiahnete pomal\u00fd drop, m\u00e1 perfektn\u00fa poz\u00edciu na to, aby zahral tesn\u00fd \u00fader k sieti.<\/p>\n\n\n\n<p>Ide o obmedzenie \u0161k\u00f4d: nem\u00f4\u017eete \u00faplne zne\u0161kodni\u0165 v\u00fdhodu svojho s\u00fapera jedn\u00fdm \u00faderom, ale m\u00f4\u017eete mu zabr\u00e1ni\u0165 zahra\u0165 jeho najsmrte\u013enej\u0161\u00ed \u00fader (rotovan\u00fd sie\u0165ov\u00fd \u00fader). Ak dok\u00e1\u017eete zosta\u0165 na\u017eive e\u0161te jeden \u00fader, m\u00e1te dobr\u00fa \u0161ancu zne\u0161kodni\u0165 jeho v\u00fdhodu pri \u010fal\u0161om v\u00fdstrele zahran\u00edm kl\u00edru (alebo liftu).<\/p>\n\n\n\n<p>Pochopenie tejto taktiky je obzvl\u00e1\u0161\u0165 u\u017eito\u010dn\u00e9, ke\u010f ste pod tlakom v zadnej \u010dasti backhandu.<\/p>\n\n\n\n<p class=\"has-large-font-size\"><strong>R\u00f4zne uhly<\/strong><\/p>\n\n\n\n<p>M\u00f4\u017eete zahra\u0165 \u00fadery priamo, kr\u00ed\u017eom cez ihrisko alebo do stredu.<\/p>\n\n\n\n<p class=\"has-medium-font-size\"><strong>Drop shoty do stredu<\/strong><\/p>\n\n\n\n<p>Toto je obrann\u00e1 mo\u017enos\u0165. Zahran\u00edm drop shotu do stredu obmedz\u00edte s\u00faperove uhly na odpove\u010f.<\/p>\n\n\n\n<p>Zvy\u010dajne by ste namiesto toho hrali vysok\u00e9 kl\u00edry (aj do stredu); ale ke\u010f nem\u00f4\u017eete hra\u0165 kl\u00edr \u00faplne dozadu, zahrajte drop shot.<\/p>\n\n\n\n<p class=\"has-medium-font-size\"><strong>Priamy drop shot<\/strong><\/p>\n\n\n\n<p>Priame drop shoty zaber\u00fa najmenej \u010dasu  a s\u00fa efekt\u00edvnym \u00faderom. Priame drop shoty s\u00fa o nie\u010do bezpe\u010dnej\u0161ie ako kr\u00ed\u017ene, preto\u017ee va\u0161a ide\u00e1lna z\u00e1kladn\u00e1 poz\u00edcia nie je tak \u010faleko na pohyb.<\/p>\n\n\n\n<p>Priame drop shoty s\u00fa obzvl\u00e1\u0161\u0165 dobrou odozvou na kr\u00ed\u017eny kl\u00edr. Prin\u00fatite svojho protivn\u00edka, aby prekonal \u010do najdlh\u0161iu vzdialenos\u0165 a za kr\u00e1tky \u010das (preto\u017ee ko\u0161\u00edk let\u00ed priamo, jeho dopad netrv\u00e1 dlho). M\u00f4\u017eete tie\u017e dosiahnu\u0165 dobr\u00fa z\u00e1kladn\u00e9 postavenie, aby ste pokryli jeho \u010fal\u0161\u00ed \u00fader.<\/p>\n\n\n\n<p class=\"has-medium-font-size\"><strong>Kr\u00ed\u017ene drop shoty<\/strong><\/p>\n\n\n\n<p>Kr\u00ed\u017ene drop shoty cez ihrisko patria medzi najefekt\u00edvnej\u0161ie v\u00fdstavbov\u00e9 \u00fadery vo dvojhre, najm\u00e4 ak sa hr\u00e1 do s\u00faperovho forhendu: pohyb do tohto rohu je obzvl\u00e1\u0161\u0165 n\u00e1ro\u010dn\u00fd. Mohli by ste si v\u0161imn\u00fa\u0165, ktor\u00fd drop shot je pre v\u00e1s \u0165a\u017e\u0161ie dosiahnu\u0165: kr\u00ed\u017eom cez kurt na backhand alebo kr\u00ed\u017eom na forehand? Ka\u017ed\u00fd je in\u00fd, ale pre v\u00e4\u010d\u0161inu  bude forehandov\u00fd roh \u0165a\u017e\u0161\u00ed.<\/p>\n\n\n\n<p>Nev\u00fdhodou kr\u00ed\u017enych dropov je, \u017ee tie\u017e vytv\u00e1raj\u00fa v\u00e4\u010d\u0161\u00ed tlak aj na v\u00e1\u0161 pohyb; pravdepodobne nebudete ma\u0165 \u010das vr\u00e1ti\u0165 sa do ide\u00e1lnej z\u00e1kladnej poz\u00edcie. Z tohto d\u00f4vodu by ste mali by\u0165 opatrn\u00ed pri ich hran\u00ed, ke\u010f je v\u00e1\u0161 pohyb pod tlakom.<\/p>\n\n\n\n<p>Uhol do kr\u00ed\u017ea je ambici\u00f3znej\u0161\u00ed ako rovn\u00fd uhol. Hranie kr\u00ed\u017eom m\u00f4\u017ee sp\u00f4sobi\u0165 viac \u0161kody s\u00faperovi ako hranie priamo\u010diaro, no z\u00e1rove\u0148 aj v\u00e1s viac odhal\u00ed.<\/p>\n","protected":false},"excerpt":{"rendered":"<p>Drop shots m\u00f4\u017eu by\u0165 jedn\u00fdm z najklamlivej\u0161\u00edch \u00faderov, ktor\u00e9 pon\u00fakaj\u00fa skvel\u00fa pr\u00edle\u017eitos\u0165 na vyvinutie pohybov\u00e9ho tlaku na s\u00fapera. V porovnan\u00ed s kl\u00edrom je nev\u00fdhodou, \u017ee po zahran\u00ed drop shotu budete ma\u0165 menej \u010dasu na dosiahnutie z\u00e1kladnej poz\u00edcie. Preto\u017ee m\u00e1te menej \u010dasu na dosiahnutie svojej z\u00e1kladnej poz\u00edcie, drop shot m\u00f4\u017ee by\u0165 pova\u017eovan\u00fd za trochu riskantnej\u0161\u00ed ako\u2026 <span class=\"read-more\"><a href=\"http:\/\/bedminton.eu\/?page_id=3210\">\u010c\u00edta\u0165 viac &raquo;<\/a><\/span><\/p>\n","protected":false},"author":1,"featured_media":0,"parent":3190,"menu_order":3,"comment_status":"closed","ping_status":"closed","template":"","meta":{"ngg_post_thumbnail":0,"footnotes":""},"class_list":["post-3210","page","type-page","status-publish","hentry"],"_links":{"self":[{"href":"http:\/\/bedminton.eu\/index.php?rest_route=\/wp\/v2\/pages\/3210","targetHints":{"allow":["GET"]}}],"collection":[{"href":"http:\/\/bedminton.eu\/index.php?rest_route=\/wp\/v2\/pages"}],"about":[{"href":"http:\/\/bedminton.eu\/index.php?rest_route=\/wp\/v2\/types\/page"}],"author":[{"embeddable":true,"href":"http:\/\/bedminton.eu\/index.php?rest_route=\/wp\/v2\/users\/1"}],"replies":[{"embeddable":true,"href":"http:\/\/bedminton.eu\/index.php?rest_route=%2Fwp%2Fv2%2Fcomments&post=3210"}],"version-history":[{"count":5,"href":"http:\/\/bedminton.eu\/index.php?rest_route=\/wp\/v2\/pages\/3210\/revisions"}],"predecessor-version":[{"id":3329,"href":"http:\/\/bedminton.eu\/index.php?rest_route=\/wp\/v2\/pages\/3210\/revisions\/3329"}],"up":[{"embeddable":true,"href":"http:\/\/bedminton.eu\/index.php?rest_route=\/wp\/v2\/pages\/3190"}],"wp:attachment":[{"href":"http:\/\/bedminton.eu\/index.php?rest_route=%2Fwp%2Fv2%2Fmedia&parent=3210"}],"curies":[{"name":"wp","href":"https:\/\/api.w.org\/{rel}","templated":true}]}}