{"id":3198,"date":"2024-06-20T11:01:03","date_gmt":"2024-06-20T09:01:03","guid":{"rendered":"https:\/\/bedminton.eu\/?page_id=3198"},"modified":"2024-06-21T10:03:59","modified_gmt":"2024-06-21T08:03:59","slug":"pouzitie-dlhej-diagonaly","status":"publish","type":"page","link":"http:\/\/bedminton.eu\/?page_id=3198","title":{"rendered":"Pou\u017eitie dlhej diagon\u00e1ly"},"content":{"rendered":"\n<p><mark style=\"background-color:rgba(0, 0, 0, 0)\" class=\"has-inline-color has-vivid-purple-color\"><strong>M\u00f4\u017eete prin\u00fati\u0165 svojho s\u00fapera, aby sa pres\u00faval na \u010do  najv\u00e4\u010d\u0161iu mo\u017en\u00fa vzdialenos\u0165 t\u00fdm, \u017ee ho rozpohybujete po dlhej diagon\u00e1le.<\/strong><\/mark><\/p>\n\n\n\n<p><\/p>\n\n\n\n<p class=\"has-medium-font-size\"><strong>\u010co s\u00fa dlh\u00e9 diagon\u00e1ly?<\/strong><\/p>\n\n\n\n<p>Predstavte si, \u017ee nakresl\u00edte \u010diaru medzi forehandov\u00fdm zadn\u00fdm rohom a backhandov\u00fdm predn\u00fdm rohom. T\u00e1to \u010diara je dlh\u00e1 uhloprie\u010dka.<\/p>\n\n\n\n<p>Existuj\u00fa dve dlh\u00e9 uhloprie\u010dky: forehandu do backhandu a backhandu do forehandu. Ka\u017ed\u00e1 uhloprie\u010dka meria od rohu k rohu 8,47 metra.<\/p>\n\n\n\n<p class=\"has-medium-font-size\"><strong>Prin\u00fa\u0165te s\u00fapera k pohybu svojho s\u00fapera pozd\u013a\u017e uhloprie\u010dok<\/strong><br><\/p>\n\n\n\n<p>S\u00fapera m\u00f4\u017eete \u013eahko prin\u00fati\u0165 pohybova\u0165 sa po dlh\u00fdch uhloprie\u010dkach. Napr\u00edklad:<\/p>\n\n\n\n<ol class=\"wp-block-list\">\n<li>Hr\u00e1te jasne do jeho forehendu.<\/li>\n\n\n\n<li>On zahr\u00e1 kl\u00edr<\/li>\n\n\n\n<li>Vy zahr\u00e1te drop shot do jeho backkhandu.<br><\/li>\n<\/ol>\n\n\n\n<p>T\u00e1to jednoduch\u00e1 sekvencia \u00faderov n\u00fati s\u00fapera pokry\u0165 dlh\u00fa uhloprie\u010dku. Ide o efekt\u00edvny sp\u00f4sob, ako vyvin\u00fa\u0165 pohybov\u00fd tlak, preto\u017ee n\u00fati s\u00fapera pohybova\u0165 sa na \u010do najv\u00e4\u010d\u0161iu vzdialenos\u0165.<\/p>\n","protected":false},"excerpt":{"rendered":"<p>M\u00f4\u017eete prin\u00fati\u0165 svojho s\u00fapera, aby sa pres\u00faval na \u010do najv\u00e4\u010d\u0161iu mo\u017en\u00fa vzdialenos\u0165 t\u00fdm, \u017ee ho rozpohybujete po dlhej diagon\u00e1le. \u010co s\u00fa dlh\u00e9 diagon\u00e1ly? Predstavte si, \u017ee nakresl\u00edte \u010diaru medzi forehandov\u00fdm zadn\u00fdm rohom a backhandov\u00fdm predn\u00fdm rohom. T\u00e1to \u010diara je dlh\u00e1 uhloprie\u010dka. Existuj\u00fa dve dlh\u00e9 uhloprie\u010dky: forehandu do backhandu a backhandu do forehandu. Ka\u017ed\u00e1 uhloprie\u010dka meria\u2026 <span class=\"read-more\"><a href=\"http:\/\/bedminton.eu\/?page_id=3198\">\u010c\u00edta\u0165 viac &raquo;<\/a><\/span><\/p>\n","protected":false},"author":1,"featured_media":0,"parent":3186,"menu_order":2,"comment_status":"closed","ping_status":"closed","template":"","meta":{"ngg_post_thumbnail":0,"footnotes":""},"class_list":["post-3198","page","type-page","status-publish","hentry"],"_links":{"self":[{"href":"http:\/\/bedminton.eu\/index.php?rest_route=\/wp\/v2\/pages\/3198","targetHints":{"allow":["GET"]}}],"collection":[{"href":"http:\/\/bedminton.eu\/index.php?rest_route=\/wp\/v2\/pages"}],"about":[{"href":"http:\/\/bedminton.eu\/index.php?rest_route=\/wp\/v2\/types\/page"}],"author":[{"embeddable":true,"href":"http:\/\/bedminton.eu\/index.php?rest_route=\/wp\/v2\/users\/1"}],"replies":[{"embeddable":true,"href":"http:\/\/bedminton.eu\/index.php?rest_route=%2Fwp%2Fv2%2Fcomments&post=3198"}],"version-history":[{"count":3,"href":"http:\/\/bedminton.eu\/index.php?rest_route=\/wp\/v2\/pages\/3198\/revisions"}],"predecessor-version":[{"id":3274,"href":"http:\/\/bedminton.eu\/index.php?rest_route=\/wp\/v2\/pages\/3198\/revisions\/3274"}],"up":[{"embeddable":true,"href":"http:\/\/bedminton.eu\/index.php?rest_route=\/wp\/v2\/pages\/3186"}],"wp:attachment":[{"href":"http:\/\/bedminton.eu\/index.php?rest_route=%2Fwp%2Fv2%2Fmedia&parent=3198"}],"curies":[{"name":"wp","href":"https:\/\/api.w.org\/{rel}","templated":true}]}}